{"id":6693,"date":"2022-12-20T10:55:49","date_gmt":"2022-12-20T09:55:49","guid":{"rendered":"https:\/\/asca-pharma.com\/al-vostro-fianco\/"},"modified":"2026-04-29T09:51:25","modified_gmt":"2026-04-29T07:51:25","slug":"al-vostro-fianco","status":"publish","type":"page","link":"https:\/\/asca-pharma.com\/it\/al-vostro-fianco\/","title":{"rendered":"Al vostro fianco"},"content":{"rendered":"<div class=\"container\"><div class=\"row\"><div class=\"medium-large-full\">\n<div class=\"wp-block-columns is-layout-flex wp-container-core-columns-is-layout-9d6595d7 wp-block-columns-is-layout-flex\">\n<div class=\"wp-block-column is-layout-flow wp-block-column-is-layout-flow\" style=\"flex-basis:90%\"><div class=\"container\"><div class=\"row\"><div class=\"medium-large-full\">\n<p class=\"has-text-align-center has-medium-font-size\">Poich\u00e9 ogni farmacia \u00e8 unica, il nostro <strong>supporto clienti farmacia<\/strong> si adatta al vostro contesto, ai vostri obiettivi e all&#8217;organizzazione del vostro team. Dall&#8217;audit iniziale all&#8217;ottimizzazione continua, restiamo al vostro fianco per garantire un&#8217;implementazione sicura, accelerare l&#8217;adozione e massimizzare l&#8217;impatto a scaffale.<\/p>\n<\/div><\/div><\/div><\/div>\n<\/div>\n<\/div><\/div><\/div><div class=\"container\"><div class=\"row\"><div class=\"medium-large-full\">\n<div style=\"height:81px\" aria-hidden=\"true\" class=\"wp-block-spacer\"><\/div>\n<\/div><\/div><\/div><div class=\"container\"><div class=\"row\"><div class=\"medium-large-full\">\n<h1 class=\"wp-block-heading\">Il nostro metodo, step by step<\/h1>\n<\/div><\/div><\/div><div class=\"container\"><div class=\"row\"><div class=\"medium-large-full\">\n<div style=\"height:35px\" aria-hidden=\"true\" class=\"wp-block-spacer\"><\/div>\n<\/div><\/div><\/div><div class=\"container\"><div class=\"row\"><div class=\"medium-large-full\">\n<div class=\"wp-block-columns is-layout-flex wp-container-core-columns-is-layout-9d6595d7 wp-block-columns-is-layout-flex\">\n<div class=\"wp-block-column is-vertically-aligned-center is-layout-flow wp-block-column-is-layout-flow\"><div class=\"container\"><div class=\"row\"><div class=\"medium-large-full\">\n<h2 class=\"wp-block-heading\">1. Audit e Consulenza<\/h2>\n<\/div><\/div><\/div>\n\n<div class=\"container\"><div class=\"row\"><div class=\"medium-large-full\">\n<p>I nostri team commerciali, esperti del settore farmaceutico, vi accompagnano in ogni fase del vostro progetto. Vi aiutano a <strong>definire e a costruire un progetto su misura per voi<\/strong>, nel rispetto del vostro budget.<\/p>\n<\/div><\/div><\/div><\/div>\n\n\n\n<div class=\"wp-block-column arrondir_coins is-layout-flow wp-block-column-is-layout-flow\"><div class=\"container\"><div class=\"row\"><div class=\"medium-large-full\">\n<figure class=\"wp-block-image size-large is-style-default arrondir_coins\"><img loading=\"lazy\" decoding=\"async\" width=\"1024\" height=\"681\" src=\"https:\/\/asca-pharma.com\/wp-content\/uploads\/2023\/03\/asca-accompagnement-1024x681.jpeg\" alt=\"\" class=\"wp-image-3895\" srcset=\"https:\/\/asca-pharma.com\/wp-content\/uploads\/2023\/03\/asca-accompagnement-1024x681.jpeg 1024w, https:\/\/asca-pharma.com\/wp-content\/uploads\/2023\/03\/asca-accompagnement-1536x1022.jpeg 1536w, https:\/\/asca-pharma.com\/wp-content\/uploads\/2023\/03\/asca-accompagnement-2048x1363.jpeg 2048w\" sizes=\"auto, (max-width: 1024px) 100vw, 1024px\" \/><\/figure>\n<\/div><\/div><\/div><\/div>\n<\/div>\n<\/div><\/div><\/div><div class=\"container\"><div class=\"row\"><div class=\"medium-large-full\">\n<div class=\"wp-block-columns are-vertically-aligned-center is-layout-flex wp-container-core-columns-is-layout-9d6595d7 wp-block-columns-is-layout-flex\">\n<div class=\"wp-block-column is-vertically-aligned-center is-layout-flow wp-block-column-is-layout-flow\"><div class=\"container\"><div class=\"row\"><div class=\"medium-large-full\">\n<h2 class=\"wp-block-heading\">2. Installazione e Configurazione<\/h2>\n<\/div><\/div><\/div>\n\n<div class=\"container\"><div class=\"row\"><div class=\"medium-large-full\">\n<p>I nostri team garantiscono un&#8217;<strong>installazione chiavi in mano<\/strong>. Al termine dell&#8217;intervento, le vostre soluzioni sono <strong>pronte all&#8217;uso<\/strong>.<br\/><br\/><\/p>\n<\/div><\/div><\/div><\/div>\n\n\n\n<div class=\"wp-block-column is-vertically-aligned-center is-layout-flow wp-block-column-is-layout-flow\"><div class=\"container\"><div class=\"row\"><div class=\"medium-large-full\">\n<figure class=\"wp-block-image size-large\"><img loading=\"lazy\" decoding=\"async\" width=\"1024\" height=\"683\" src=\"https:\/\/asca-pharma.com\/wp-content\/uploads\/88A0549-1024x683.jpg\" alt=\"\" class=\"wp-image-4203\" srcset=\"https:\/\/asca-pharma.com\/wp-content\/uploads\/88A0549-1024x683.jpg 1024w, https:\/\/asca-pharma.com\/wp-content\/uploads\/88A0549-600x400.jpg 600w, https:\/\/asca-pharma.com\/wp-content\/uploads\/88A0549-450x300.jpg 450w, https:\/\/asca-pharma.com\/wp-content\/uploads\/88A0549-768x512.jpg 768w, https:\/\/asca-pharma.com\/wp-content\/uploads\/88A0549-1536x1024.jpg 1536w, https:\/\/asca-pharma.com\/wp-content\/uploads\/88A0549.jpg 1920w\" sizes=\"auto, (max-width: 1024px) 100vw, 1024px\" \/><\/figure>\n<\/div><\/div><\/div><\/div>\n<\/div>\n<\/div><\/div><\/div><div class=\"container\"><div class=\"row\"><div class=\"medium-large-full\">\n<div class=\"wp-block-columns are-vertically-aligned-center is-layout-flex wp-container-core-columns-is-layout-9d6595d7 wp-block-columns-is-layout-flex\">\n<div class=\"wp-block-column is-vertically-aligned-center is-layout-flow wp-block-column-is-layout-flow\"><div class=\"container\"><div class=\"row\"><div class=\"medium-large-full\">\n<h2 class=\"wp-block-heading\">3. Formazione dei team<\/h2>\n<\/div><\/div><\/div>\n\n<div class=\"container\"><div class=\"row\"><div class=\"medium-large-full\">\n<p><br\/>Dopo l&#8217;installazione, i vostri team vengono formati. Acquisiscono familiarit\u00e0 con ogni funzionalit\u00e0, dalle pi\u00f9 semplici alle pi\u00f9 avanzate.<\/p>\n<\/div><\/div><\/div><\/div>\n\n\n\n<div class=\"wp-block-column is-vertically-aligned-center is-layout-flow wp-block-column-is-layout-flow\"><div class=\"container\"><div class=\"row\"><div class=\"medium-large-full\">\n<figure class=\"wp-block-image size-full\"><img loading=\"lazy\" decoding=\"async\" width=\"1021\" height=\"678\" src=\"https:\/\/asca-pharma.com\/wp-content\/uploads\/Formation-accompagnement-client.png\" alt=\"\" class=\"wp-image-6572\" srcset=\"https:\/\/asca-pharma.com\/wp-content\/uploads\/Formation-accompagnement-client.png 1021w, https:\/\/asca-pharma.com\/wp-content\/uploads\/Formation-accompagnement-client-600x398.png 600w, https:\/\/asca-pharma.com\/wp-content\/uploads\/Formation-accompagnement-client-768x510.png 768w\" sizes=\"auto, (max-width: 1021px) 100vw, 1021px\" \/><\/figure>\n<\/div><\/div><\/div><\/div>\n<\/div>\n<\/div><\/div><\/div><div class=\"container\"><div class=\"row\"><div class=\"medium-large-full\">\n<div class=\"wp-block-columns are-vertically-aligned-center is-layout-flex wp-container-core-columns-is-layout-9d6595d7 wp-block-columns-is-layout-flex\">\n<div class=\"wp-block-column is-vertically-aligned-center is-layout-flow wp-block-column-is-layout-flow\"><div class=\"container\"><div class=\"row\"><div class=\"medium-large-full\">\n<h2 class=\"wp-block-heading\">4. Assistenza<\/h2>\n<\/div><\/div><\/div>\n\n<div class=\"container\"><div class=\"row\"><div class=\"medium-large-full\">\n<p>Gestiamo direttamente l&#8217;<strong>assistenza tecnica<\/strong> dei nostri software e hardware. Il team di supporto ASCA fornisce <strong>risposte rapide e personalizzate<\/strong>. <\/p>\n<\/div><\/div><\/div>\n\n<div class=\"container\"><div class=\"row\"><div class=\"medium-large-full\">\n<p>Gestiamo l&#8217;intera catena (software sviluppato e mantenuto internamente, infrastruttura). L&#8217;<strong>assistenza remota<\/strong> consente interventi rapidi e <strong>aggiornamenti regolari<\/strong>.<\/p>\n<\/div><\/div><\/div><\/div>\n\n\n\n<div class=\"wp-block-column is-vertically-aligned-center is-layout-flow wp-block-column-is-layout-flow\"><div class=\"container\"><div class=\"row\"><div class=\"medium-large-full\">\n<figure class=\"wp-block-image size-large\"><img loading=\"lazy\" decoding=\"async\" width=\"1024\" height=\"683\" src=\"https:\/\/asca-pharma.com\/wp-content\/uploads\/2023\/03\/asca-assistance-1024x683.jpeg\" alt=\"\" class=\"wp-image-3894\" srcset=\"https:\/\/asca-pharma.com\/wp-content\/uploads\/2023\/03\/asca-assistance-1024x683.jpeg 1024w, https:\/\/asca-pharma.com\/wp-content\/uploads\/2023\/03\/asca-assistance-1536x1025.jpeg 1536w\" sizes=\"auto, (max-width: 1024px) 100vw, 1024px\" \/><\/figure>\n<\/div><\/div><\/div><\/div>\n<\/div>\n<\/div><\/div><\/div><section id=\"fullwidth-block_52640a3025e4b5b6ce50b166581e2954\" class=\"fullwidth block-fullwidth\" data-aos=\"fade-down\">\n            \n<\/section>\n<section id=\"fullwidth-block_21c81b8cf190e3bfaf7f779a632f3855\" class=\"fullwidth block-fullwidth is-style-background-gray\" data-aos=\"fade-down\">\n    <div class=\"image_bg\" style=\"background-image: url(https:\/\/asca-pharma.com\/wp-content\/uploads\/Banniere_visuel.jpg)\"><\/div>    <div class=\"add_linear\"><\/div>    \n<div class=\"container\"><div class=\"row\"><div class=\"medium-large-full\">\n<div class=\"wp-block-columns is-layout-flex wp-container-core-columns-is-layout-9d6595d7 wp-block-columns-is-layout-flex\">\n<div class=\"wp-block-column is-layout-flow wp-block-column-is-layout-flow\" style=\"flex-basis:15%\"><div class=\"container\"><div class=\"row\"><div class=\"medium-large-full\">\n<div style=\"height:45px\" aria-hidden=\"true\" class=\"wp-block-spacer\"><\/div>\n<\/div><\/div><\/div>\n\n<div class=\"wp-block-image\"><div class=\"container\"><div class=\"row\"><div class=\"medium-large-full\">\n<figure class=\"aligncenter size-full is-resized\"><img loading=\"lazy\" decoding=\"async\" width=\"120\" height=\"120\" src=\"https:\/\/asca-pharma.com\/wp-content\/uploads\/2023\/03\/63e3c9fcbbf68460fb570e26.png\" alt=\"\" class=\"wp-image-3644\" style=\"object-fit:contain;width:60px;height:60px\" srcset=\"https:\/\/asca-pharma.com\/wp-content\/uploads\/2023\/03\/63e3c9fcbbf68460fb570e26.png 120w, https:\/\/asca-pharma.com\/wp-content\/uploads\/2023\/03\/63e3c9fcbbf68460fb570e26-300x300.png 300w, https:\/\/asca-pharma.com\/wp-content\/uploads\/2023\/03\/63e3c9fcbbf68460fb570e26-150x150.png 150w, https:\/\/asca-pharma.com\/wp-content\/uploads\/2023\/03\/63e3c9fcbbf68460fb570e26-768x768.png 768w, https:\/\/asca-pharma.com\/wp-content\/uploads\/2023\/03\/63e3c9fcbbf68460fb570e26-820x820.png 820w, https:\/\/asca-pharma.com\/wp-content\/uploads\/2023\/03\/63e3c9fcbbf68460fb570e26-1024x1024.png 1024w\" sizes=\"auto, (max-width: 120px) 100vw, 120px\" \/><\/figure>\n<\/div><\/div><\/div><\/div>\n\n<div class=\"container\"><div class=\"row\"><div class=\"medium-large-full\">\n<div style=\"height:69px\" aria-hidden=\"true\" class=\"wp-block-spacer\"><\/div>\n<\/div><\/div><\/div><\/div>\n\n\n\n<div class=\"wp-block-column is-layout-flow wp-block-column-is-layout-flow\" style=\"flex-basis:60%\"><div class=\"container\"><div class=\"row\"><div class=\"medium-large-full\">\n<div style=\"height:39px\" aria-hidden=\"true\" class=\"wp-block-spacer\"><\/div>\n<\/div><\/div><\/div>\n\n<div class=\"container\"><div class=\"row\"><div class=\"medium-large-full\">\n<h4 class=\"wp-block-heading has-text-align-center has-white-color has-text-color\" style=\"font-size:20px\">Parliamo insieme del vostro progetto. <strong>Contattateci<\/strong> e <strong>costruiamo insieme un&#8217;implementazione serena ed efficiente.<\/strong><\/h4>\n<\/div><\/div><\/div>\n\n<div class=\"container\"><div class=\"row\"><div class=\"medium-large-full\">\n<div style=\"height:39px\" aria-hidden=\"true\" class=\"wp-block-spacer\"><\/div>\n<\/div><\/div><\/div><\/div>\n\n\n\n<div class=\"wp-block-column is-vertically-aligned-center has-background is-layout-flow wp-block-column-is-layout-flow\" style=\"background-color:#008c8c00;flex-basis:25%\"><div class=\"container\"><div class=\"row\"><div class=\"medium-large-full\">\n<div class=\"wp-block-buttons is-content-justification-center is-layout-flex wp-container-core-buttons-is-layout-16018d1d wp-block-buttons-is-layout-flex\">\n<div class=\"wp-block-button is-style-fill\"><a class=\"wp-block-button__link has-white-color has-text-color has-background wp-element-button\" href=\"https:\/\/asca-pharma.com\/it\/contattateci\/\" style=\"background-color:#ad2f46\"><strong>Contattateci<\/strong><\/a><\/div>\n<\/div>\n<\/div><\/div><\/div><\/div>\n<\/div>\n<\/div><\/div><\/div>\n\n<\/section>\n<div class=\"container\"><div class=\"row\"><div class=\"medium-large-full\">\n<p><\/p>\n<\/div><\/div><\/div>","protected":false},"excerpt":{"rendered":"<p>Poich\u00e9 ogni farmacia \u00e8 unica, il nostro supporto clienti farmacia si adatta al vostro contesto, ai vostri obiettivi e all&#8217;organizzazione del vostro team. Dall&#8217;audit iniziale all&#8217;ottimizzazione continua, restiamo al vostro fianco per garantire un&#8217;implementazione sicura, accelerare l&#8217;adozione e massimizzare l&#8217;impatto a scaffale. Il nostro metodo, step by step 1. Audit e Consulenza I nostri team [&hellip;]<\/p>\n","protected":false},"author":7,"featured_media":6692,"parent":0,"menu_order":13,"comment_status":"closed","ping_status":"closed","template":"","meta":{"footnotes":""},"class_list":["post-6693","page","type-page","status-publish","has-post-thumbnail","hentry"],"acf":[],"yoast_head":"<!-- This site is optimized with the Yoast SEO plugin v27.3 - https:\/\/yoast.com\/product\/yoast-seo-wordpress\/ -->\n<title>Al vostro fianco - ASCA Sp\u00e9cialiste des \u00e9tiquettes \u00e9lectroniques en Pharmacie<\/title>\n<meta name=\"description\" content=\"Supporto clienti farmacia: audit, implementazione, formazione e supporto continuo. ASCA \u00e8 al vostro fianco per digitalizzare e mettere in sicurezza la vostra farmacia.\" \/>\n<meta name=\"robots\" content=\"index, follow, max-snippet:-1, max-image-preview:large, max-video-preview:-1\" \/>\n<link rel=\"canonical\" href=\"https:\/\/asca-pharma.com\/it\/al-vostro-fianco\/\" \/>\n<meta property=\"og:locale\" content=\"it_IT\" \/>\n<meta property=\"og:type\" content=\"article\" \/>\n<meta property=\"og:title\" content=\"Al vostro fianco - ASCA Sp\u00e9cialiste des \u00e9tiquettes \u00e9lectroniques en Pharmacie\" \/>\n<meta property=\"og:description\" content=\"Supporto clienti farmacia: audit, implementazione, formazione e supporto continuo. ASCA \u00e8 al vostro fianco per digitalizzare e mettere in sicurezza la vostra farmacia.\" \/>\n<meta property=\"og:url\" content=\"https:\/\/asca-pharma.com\/it\/al-vostro-fianco\/\" \/>\n<meta property=\"og:site_name\" content=\"ASCA Sp\u00e9cialiste des \u00e9tiquettes \u00e9lectroniques en Pharmacie\" \/>\n<meta property=\"article:publisher\" content=\"https:\/\/www.facebook.com\/Pharmagest\/\" \/>\n<meta property=\"article:modified_time\" content=\"2026-04-29T07:51:25+00:00\" \/>\n<meta property=\"og:image\" content=\"https:\/\/asca-pharma.com\/wp-content\/uploads\/2023\/03\/asca-a-vos-cotes-scaled.jpeg\" \/>\n\t<meta property=\"og:image:width\" content=\"2560\" \/>\n\t<meta property=\"og:image:height\" content=\"1707\" \/>\n\t<meta property=\"og:image:type\" content=\"image\/jpeg\" \/>\n<meta name=\"twitter:card\" content=\"summary_large_image\" \/>\n<meta name=\"twitter:site\" content=\"@Pharmagest\" \/>\n<meta name=\"twitter:label1\" content=\"Tempo di lettura stimato\" \/>\n\t<meta name=\"twitter:data1\" content=\"3 minuti\" \/>\n<script type=\"application\/ld+json\" class=\"yoast-schema-graph\">{\"@context\":\"https:\\\/\\\/schema.org\",\"@graph\":[{\"@type\":\"WebPage\",\"@id\":\"https:\\\/\\\/asca-pharma.com\\\/it\\\/al-vostro-fianco\\\/\",\"url\":\"https:\\\/\\\/asca-pharma.com\\\/it\\\/al-vostro-fianco\\\/\",\"name\":\"Al vostro fianco - ASCA Sp\u00e9cialiste des \u00e9tiquettes \u00e9lectroniques en Pharmacie\",\"isPartOf\":{\"@id\":\"https:\\\/\\\/asca-pharma.com\\\/it\\\/#website\"},\"primaryImageOfPage\":{\"@id\":\"https:\\\/\\\/asca-pharma.com\\\/it\\\/al-vostro-fianco\\\/#primaryimage\"},\"image\":{\"@id\":\"https:\\\/\\\/asca-pharma.com\\\/it\\\/al-vostro-fianco\\\/#primaryimage\"},\"thumbnailUrl\":\"https:\\\/\\\/asca-pharma.com\\\/wp-content\\\/uploads\\\/2023\\\/03\\\/asca-a-vos-cotes-scaled.jpeg\",\"datePublished\":\"2022-12-20T09:55:49+00:00\",\"dateModified\":\"2026-04-29T07:51:25+00:00\",\"description\":\"Supporto clienti farmacia: audit, implementazione, formazione e supporto continuo. ASCA \u00e8 al vostro fianco per digitalizzare e mettere in sicurezza la vostra farmacia.\",\"breadcrumb\":{\"@id\":\"https:\\\/\\\/asca-pharma.com\\\/it\\\/al-vostro-fianco\\\/#breadcrumb\"},\"inLanguage\":\"it-IT\",\"potentialAction\":[{\"@type\":\"ReadAction\",\"target\":[\"https:\\\/\\\/asca-pharma.com\\\/it\\\/al-vostro-fianco\\\/\"]}]},{\"@type\":\"ImageObject\",\"inLanguage\":\"it-IT\",\"@id\":\"https:\\\/\\\/asca-pharma.com\\\/it\\\/al-vostro-fianco\\\/#primaryimage\",\"url\":\"https:\\\/\\\/asca-pharma.com\\\/wp-content\\\/uploads\\\/2023\\\/03\\\/asca-a-vos-cotes-scaled.jpeg\",\"contentUrl\":\"https:\\\/\\\/asca-pharma.com\\\/wp-content\\\/uploads\\\/2023\\\/03\\\/asca-a-vos-cotes-scaled.jpeg\",\"width\":2560,\"height\":1707},{\"@type\":\"BreadcrumbList\",\"@id\":\"https:\\\/\\\/asca-pharma.com\\\/it\\\/al-vostro-fianco\\\/#breadcrumb\",\"itemListElement\":[{\"@type\":\"ListItem\",\"position\":1,\"name\":\"Accueil\",\"item\":\"https:\\\/\\\/asca-pharma.com\\\/it\\\/\"},{\"@type\":\"ListItem\",\"position\":2,\"name\":\"Al vostro fianco\"}]},{\"@type\":\"WebSite\",\"@id\":\"https:\\\/\\\/asca-pharma.com\\\/it\\\/#website\",\"url\":\"https:\\\/\\\/asca-pharma.com\\\/it\\\/\",\"name\":\"ASCA Sp\u00e9cialiste des \u00e9tiquettes \u00e9lectroniques en Pharmacie\",\"description\":\"Au profit de vos performances\",\"publisher\":{\"@id\":\"https:\\\/\\\/asca-pharma.com\\\/it\\\/#organization\"},\"potentialAction\":[{\"@type\":\"SearchAction\",\"target\":{\"@type\":\"EntryPoint\",\"urlTemplate\":\"https:\\\/\\\/asca-pharma.com\\\/it\\\/?s={search_term_string}\"},\"query-input\":{\"@type\":\"PropertyValueSpecification\",\"valueRequired\":true,\"valueName\":\"search_term_string\"}}],\"inLanguage\":\"it-IT\"},{\"@type\":\"Organization\",\"@id\":\"https:\\\/\\\/asca-pharma.com\\\/it\\\/#organization\",\"name\":\"ASCA Sp\u00e9cialiste des \u00e9tiquettes \u00e9lectroniques en Pharmacie\",\"url\":\"https:\\\/\\\/asca-pharma.com\\\/it\\\/\",\"logo\":{\"@type\":\"ImageObject\",\"inLanguage\":\"it-IT\",\"@id\":\"https:\\\/\\\/asca-pharma.com\\\/it\\\/#\\\/schema\\\/logo\\\/image\\\/\",\"url\":\"https:\\\/\\\/asca-pharma.com\\\/wp-content\\\/uploads\\\/ASCA_logo-2.png\",\"contentUrl\":\"https:\\\/\\\/asca-pharma.com\\\/wp-content\\\/uploads\\\/ASCA_logo-2.png\",\"width\":272,\"height\":106,\"caption\":\"ASCA Sp\u00e9cialiste des \u00e9tiquettes \u00e9lectroniques en Pharmacie\"},\"image\":{\"@id\":\"https:\\\/\\\/asca-pharma.com\\\/it\\\/#\\\/schema\\\/logo\\\/image\\\/\"},\"sameAs\":[\"https:\\\/\\\/www.facebook.com\\\/Pharmagest\\\/\",\"https:\\\/\\\/x.com\\\/Pharmagest\",\"https:\\\/\\\/www.linkedin.com\\\/company\\\/741276\"]}]}<\/script>\n<!-- \/ Yoast SEO plugin. -->","yoast_head_json":{"title":"Al vostro fianco - ASCA Sp\u00e9cialiste des \u00e9tiquettes \u00e9lectroniques en Pharmacie","description":"Supporto clienti farmacia: audit, implementazione, formazione e supporto continuo. ASCA \u00e8 al vostro fianco per digitalizzare e mettere in sicurezza la vostra farmacia.","robots":{"index":"index","follow":"follow","max-snippet":"max-snippet:-1","max-image-preview":"max-image-preview:large","max-video-preview":"max-video-preview:-1"},"canonical":"https:\/\/asca-pharma.com\/it\/al-vostro-fianco\/","og_locale":"it_IT","og_type":"article","og_title":"Al vostro fianco - ASCA Sp\u00e9cialiste des \u00e9tiquettes \u00e9lectroniques en Pharmacie","og_description":"Supporto clienti farmacia: audit, implementazione, formazione e supporto continuo. ASCA \u00e8 al vostro fianco per digitalizzare e mettere in sicurezza la vostra farmacia.","og_url":"https:\/\/asca-pharma.com\/it\/al-vostro-fianco\/","og_site_name":"ASCA Sp\u00e9cialiste des \u00e9tiquettes \u00e9lectroniques en Pharmacie","article_publisher":"https:\/\/www.facebook.com\/Pharmagest\/","article_modified_time":"2026-04-29T07:51:25+00:00","og_image":[{"width":2560,"height":1707,"url":"https:\/\/asca-pharma.com\/wp-content\/uploads\/2023\/03\/asca-a-vos-cotes-scaled.jpeg","type":"image\/jpeg"}],"twitter_card":"summary_large_image","twitter_site":"@Pharmagest","twitter_misc":{"Tempo di lettura stimato":"3 minuti"},"schema":{"@context":"https:\/\/schema.org","@graph":[{"@type":"WebPage","@id":"https:\/\/asca-pharma.com\/it\/al-vostro-fianco\/","url":"https:\/\/asca-pharma.com\/it\/al-vostro-fianco\/","name":"Al vostro fianco - ASCA Sp\u00e9cialiste des \u00e9tiquettes \u00e9lectroniques en Pharmacie","isPartOf":{"@id":"https:\/\/asca-pharma.com\/it\/#website"},"primaryImageOfPage":{"@id":"https:\/\/asca-pharma.com\/it\/al-vostro-fianco\/#primaryimage"},"image":{"@id":"https:\/\/asca-pharma.com\/it\/al-vostro-fianco\/#primaryimage"},"thumbnailUrl":"https:\/\/asca-pharma.com\/wp-content\/uploads\/2023\/03\/asca-a-vos-cotes-scaled.jpeg","datePublished":"2022-12-20T09:55:49+00:00","dateModified":"2026-04-29T07:51:25+00:00","description":"Supporto clienti farmacia: audit, implementazione, formazione e supporto continuo. ASCA \u00e8 al vostro fianco per digitalizzare e mettere in sicurezza la vostra farmacia.","breadcrumb":{"@id":"https:\/\/asca-pharma.com\/it\/al-vostro-fianco\/#breadcrumb"},"inLanguage":"it-IT","potentialAction":[{"@type":"ReadAction","target":["https:\/\/asca-pharma.com\/it\/al-vostro-fianco\/"]}]},{"@type":"ImageObject","inLanguage":"it-IT","@id":"https:\/\/asca-pharma.com\/it\/al-vostro-fianco\/#primaryimage","url":"https:\/\/asca-pharma.com\/wp-content\/uploads\/2023\/03\/asca-a-vos-cotes-scaled.jpeg","contentUrl":"https:\/\/asca-pharma.com\/wp-content\/uploads\/2023\/03\/asca-a-vos-cotes-scaled.jpeg","width":2560,"height":1707},{"@type":"BreadcrumbList","@id":"https:\/\/asca-pharma.com\/it\/al-vostro-fianco\/#breadcrumb","itemListElement":[{"@type":"ListItem","position":1,"name":"Accueil","item":"https:\/\/asca-pharma.com\/it\/"},{"@type":"ListItem","position":2,"name":"Al vostro fianco"}]},{"@type":"WebSite","@id":"https:\/\/asca-pharma.com\/it\/#website","url":"https:\/\/asca-pharma.com\/it\/","name":"ASCA Sp\u00e9cialiste des \u00e9tiquettes \u00e9lectroniques en Pharmacie","description":"Au profit de vos performances","publisher":{"@id":"https:\/\/asca-pharma.com\/it\/#organization"},"potentialAction":[{"@type":"SearchAction","target":{"@type":"EntryPoint","urlTemplate":"https:\/\/asca-pharma.com\/it\/?s={search_term_string}"},"query-input":{"@type":"PropertyValueSpecification","valueRequired":true,"valueName":"search_term_string"}}],"inLanguage":"it-IT"},{"@type":"Organization","@id":"https:\/\/asca-pharma.com\/it\/#organization","name":"ASCA Sp\u00e9cialiste des \u00e9tiquettes \u00e9lectroniques en Pharmacie","url":"https:\/\/asca-pharma.com\/it\/","logo":{"@type":"ImageObject","inLanguage":"it-IT","@id":"https:\/\/asca-pharma.com\/it\/#\/schema\/logo\/image\/","url":"https:\/\/asca-pharma.com\/wp-content\/uploads\/ASCA_logo-2.png","contentUrl":"https:\/\/asca-pharma.com\/wp-content\/uploads\/ASCA_logo-2.png","width":272,"height":106,"caption":"ASCA Sp\u00e9cialiste des \u00e9tiquettes \u00e9lectroniques en Pharmacie"},"image":{"@id":"https:\/\/asca-pharma.com\/it\/#\/schema\/logo\/image\/"},"sameAs":["https:\/\/www.facebook.com\/Pharmagest\/","https:\/\/x.com\/Pharmagest","https:\/\/www.linkedin.com\/company\/741276"]}]}},"_links":{"self":[{"href":"https:\/\/asca-pharma.com\/it\/wp-json\/wp\/v2\/pages\/6693","targetHints":{"allow":["GET"]}}],"collection":[{"href":"https:\/\/asca-pharma.com\/it\/wp-json\/wp\/v2\/pages"}],"about":[{"href":"https:\/\/asca-pharma.com\/it\/wp-json\/wp\/v2\/types\/page"}],"author":[{"embeddable":true,"href":"https:\/\/asca-pharma.com\/it\/wp-json\/wp\/v2\/users\/7"}],"replies":[{"embeddable":true,"href":"https:\/\/asca-pharma.com\/it\/wp-json\/wp\/v2\/comments?post=6693"}],"version-history":[{"count":6,"href":"https:\/\/asca-pharma.com\/it\/wp-json\/wp\/v2\/pages\/6693\/revisions"}],"predecessor-version":[{"id":7804,"href":"https:\/\/asca-pharma.com\/it\/wp-json\/wp\/v2\/pages\/6693\/revisions\/7804"}],"wp:featuredmedia":[{"embeddable":true,"href":"https:\/\/asca-pharma.com\/it\/wp-json\/wp\/v2\/media\/6692"}],"wp:attachment":[{"href":"https:\/\/asca-pharma.com\/it\/wp-json\/wp\/v2\/media?parent=6693"}],"curies":[{"name":"wp","href":"https:\/\/api.w.org\/{rel}","templated":true}]}}