{"id":6830,"date":"2023-02-07T17:21:06","date_gmt":"2023-02-07T16:21:06","guid":{"rendered":"https:\/\/asca-pharma.com\/dati-personali\/"},"modified":"2026-04-29T09:22:40","modified_gmt":"2026-04-29T07:22:40","slug":"dati-personali","status":"publish","type":"page","link":"https:\/\/asca-pharma.com\/it\/dati-personali\/","title":{"rendered":"Dati personali"},"content":{"rendered":"<div class=\"container\"><div class=\"row\"><div class=\"medium-large-full\">\n<div class=\"wp-block-columns is-layout-flex wp-container-core-columns-is-layout-9d6595d7 wp-block-columns-is-layout-flex\">\n<div class=\"wp-block-column is-layout-flow wp-block-column-is-layout-flow\"><div class=\"container\"><div class=\"row\"><div class=\"medium-large-full\">\n<h2 class=\"wp-block-heading\">I miei dati relativi al sito asca-pharma.com<\/h2>\n<\/div><\/div><\/div>\n\n<div class=\"container\"><div class=\"row\"><div class=\"medium-large-full\">\n<h3 class=\"wp-block-heading\">Gestisci i miei cookie<\/h3>\n<\/div><\/div><\/div>\n\n<div class=\"container\"><div class=\"row\"><div class=\"medium-large-full\">\n<div class=\"tarteaucitronOpenPanel button\">Gestione dei cookie<\/div>\n<\/div><\/div><\/div>\n\n<div class=\"container\"><div class=\"row\"><div class=\"medium-large-full\">\n<h3 class=\"wp-block-heading\">Tracciamento Matomo<\/h3>\n<\/div><\/div><\/div>\n\n<div class=\"container\"><div class=\"row\"><div class=\"medium-large-full\">\n<iframe style=\"border: 0; height: 200px; width: 600px;\" src=\"https:\/\/matomo.billiotte.fr\/index.php?module=CoreAdminHome&#038;action=optOut&#038;language=fr&#038;backgroundColor=&#038;fontColor=&#038;fontSize=&#038;fontFamily=\"><\/iframe>\n<\/div><\/div><\/div><\/div>\n\n\n\n<div class=\"wp-block-column is-layout-flow wp-block-column-is-layout-flow\"><div class=\"container\"><div class=\"row\"><div class=\"medium-large-full\">\n<h2 class=\"wp-block-heading\">Tutti i dati che mi riguardano<\/h2>\n<\/div><\/div><\/div>\n\n<div class=\"container\"><div class=\"row\"><div class=\"medium-large-full\"><script type=\"text\/javascript\">var gform;gform||(document.addEventListener(\"gform_main_scripts_loaded\",function(){gform.scriptsLoaded=!0}),window.addEventListener(\"DOMContentLoaded\",function(){gform.domLoaded=!0}),gform={domLoaded:!1,scriptsLoaded:!1,initializeOnLoaded:function(o){gform.domLoaded&&gform.scriptsLoaded?o():!gform.domLoaded&&gform.scriptsLoaded?window.addEventListener(\"DOMContentLoaded\",o):document.addEventListener(\"gform_main_scripts_loaded\",o)},hooks:{action:{},filter:{}},addAction:function(o,n,r,t){gform.addHook(\"action\",o,n,r,t)},addFilter:function(o,n,r,t){gform.addHook(\"filter\",o,n,r,t)},doAction:function(o){gform.doHook(\"action\",o,arguments)},applyFilters:function(o){return gform.doHook(\"filter\",o,arguments)},removeAction:function(o,n){gform.removeHook(\"action\",o,n)},removeFilter:function(o,n,r){gform.removeHook(\"filter\",o,n,r)},addHook:function(o,n,r,t,i){null==gform.hooks[o][n]&&(gform.hooks[o][n]=[]);var e=gform.hooks[o][n];null==i&&(i=n+\"_\"+e.length),gform.hooks[o][n].push({tag:i,callable:r,priority:t=null==t?10:t})},doHook:function(n,o,r){var t;if(r=Array.prototype.slice.call(r,1),null!=gform.hooks[n][o]&&((o=gform.hooks[n][o]).sort(function(o,n){return o.priority-n.priority}),o.forEach(function(o){\"function\"!=typeof(t=o.callable)&&(t=window[t]),\"action\"==n?t.apply(null,r):r[0]=t.apply(null,r)})),\"filter\"==n)return r[0]},removeHook:function(o,n,t,i){var r;null!=gform.hooks[o][n]&&(r=(r=gform.hooks[o][n]).filter(function(o,n,r){return!!(null!=i&&i!=o.tag||null!=t&&t!=o.priority)}),gform.hooks[o][n]=r)}});<\/script>\n                <div class='gf_browser_gecko gform_wrapper gform_legacy_markup_wrapper' id='gform_wrapper_13' ><form method='post' enctype='multipart\/form-data'  id='gform_13'  action='\/it\/wp-json\/wp\/v2\/pages\/6830' novalidate>\n                        <div class='gform_body gform-body'><ul id='gform_fields_13' class='gform_fields top_label form_sublabel_below description_below'><li id=\"field_13_4\"  class=\"gfield gfield_contains_required field_sublabel_below field_description_below gfield_visibility_visible\"  data-js-reload=\"field_13_4\"><label class='gfield_label' for='input_13_4' >Votre nom<span class=\"gfield_required\"><span class=\"gfield_required gfield_required_asterisk\">*<\/span><\/span><\/label><div class='ginput_container ginput_container_text'><input name='input_4' id='input_13_4' type='text' value='' class='medium'     aria-required=\"true\" aria-invalid=\"false\"   \/> <\/div><\/li><li id=\"field_13_6\"  class=\"gfield gfield--width-full gfield_contains_required field_sublabel_below field_description_below gfield_visibility_visible\"  data-js-reload=\"field_13_6\"><label class='gfield_label' for='input_13_6' >Votre adresse de messagerie<span class=\"gfield_required\"><span class=\"gfield_required gfield_required_asterisk\">*<\/span><\/span><\/label><div class='ginput_container ginput_container_email'>\n                            <input name='input_6' id='input_13_6' type='email' value='' class='large'    aria-required=\"true\" aria-invalid=\"false\"  \/>\n                        <\/div><\/li><li id=\"field_13_1\"  class=\"gfield field_sublabel_below field_description_below gfield_visibility_visible\"  data-js-reload=\"field_13_1\"><label class='gfield_label' for='input_13_1' >Votre demande<\/label><div class='ginput_container ginput_container_select'><select name='input_1' id='input_13_1' class='medium gfield_select'     aria-invalid=\"false\" ><option value='Extraire mes donn\u00e9es' >Extraire mes donn\u00e9es<\/option><option value='Suppression de mes donn\u00e9es' >Suppression de mes donn\u00e9es<\/option><option value='Anonymisation de mes donn\u00e9es' >Anonymisation de mes donn\u00e9es<\/option><option value='Migration de mes donn\u00e9es' >Migration de mes donn\u00e9es<\/option><\/select><\/div><\/li><li id=\"field_13_3\"  class=\"gfield field_sublabel_below field_description_below gfield_visibility_visible\"  data-js-reload=\"field_13_3\"><label class='gfield_label' for='input_13_3' >Message compl\u00e9mentaire<\/label><div class='ginput_container ginput_container_textarea'><textarea name='input_3' id='input_13_3' class='textarea medium'      aria-invalid=\"false\"   rows='10' cols='50'><\/textarea><\/div><\/li><li id=\"field_13_5\"  class=\"gfield gfield_contains_required field_sublabel_below field_description_below hidden_label gfield_visibility_visible\"  data-js-reload=\"field_13_5\"><label class='gfield_label screen-reader-text gfield_label_before_complex'  ><span class=\"gfield_required\"><span class=\"gfield_required gfield_required_asterisk\">*<\/span><\/span><\/label><div class='ginput_container ginput_container_checkbox'><ul class='gfield_checkbox' id='input_13_5'><li class='gchoice gchoice_13_5_1'>\n\t\t\t\t\t\t\t\t<input class='gfield-choice-input' name='input_5.1' type='checkbox'  value='J&#039;ai lu et j&#039;accepte la &lt;a target=&quot;_blank&quot; href=&quot;https:\/\/billiotte.fr\/politique-de-confidentialite\/&quot;&gt;politique de confidentialit\u00e9&lt;\/a&gt;'  id='choice_13_5_1'   \/>\n\t\t\t\t\t\t\t\t<label for='choice_13_5_1' id='label_13_5_1'>J&#8217;ai lu et j&#8217;accepte la <a target=\"_blank\" href=\"https:\/\/billiotte.fr\/politique-de-confidentialite\/\">politique de confidentialit\u00e9<\/a><\/label>\n\t\t\t\t\t\t\t<\/li><\/ul><\/div><\/li><\/ul><\/div>\n        <div class='gform_footer top_label'> <input type='submit' id='gform_submit_button_13' class='gform_button button' value='Envoyer'  onclick='if(window[\"gf_submitting_13\"]){return false;}  if( !jQuery(\"#gform_13\")[0].checkValidity || jQuery(\"#gform_13\")[0].checkValidity()){window[\"gf_submitting_13\"]=true;}  ' onkeypress='if( event.keyCode == 13 ){ if(window[\"gf_submitting_13\"]){return false;} if( !jQuery(\"#gform_13\")[0].checkValidity || jQuery(\"#gform_13\")[0].checkValidity()){window[\"gf_submitting_13\"]=true;}  jQuery(\"#gform_13\").trigger(\"submit\",[true]); }' \/> \n            <input type='hidden' class='gform_hidden' name='is_submit_13' value='1' \/>\n            <input type='hidden' class='gform_hidden' name='gform_submit' value='13' \/>\n            \n            <input type='hidden' class='gform_hidden' name='gform_unique_id' value='' \/>\n            <input type='hidden' class='gform_hidden' name='state_13' value='WyJbXSIsIjNlMzljMGViMzU2OWE2M2U1M2E0YWM4MDdjOGUxMjBhIl0=' \/>\n            <input type='hidden' class='gform_hidden' name='gform_target_page_number_13' id='gform_target_page_number_13' value='0' \/>\n            <input type='hidden' class='gform_hidden' name='gform_source_page_number_13' id='gform_source_page_number_13' value='1' \/>\n            <input type='hidden' name='gform_field_values' value='' \/>\n            \n        <\/div>\n                        <\/form>\n                        <\/div><\/div><\/div><\/div><\/div>\n<\/div>\n<\/div><\/div><\/div>","protected":false},"excerpt":{"rendered":"<p>I miei dati relativi al sito asca-pharma.com Gestisci i miei cookie Gestione dei cookie Tracciamento Matomo Tutti i dati che mi riguardano<\/p>\n","protected":false},"author":7,"featured_media":0,"parent":0,"menu_order":19,"comment_status":"closed","ping_status":"closed","template":"","meta":{"footnotes":""},"class_list":["post-6830","page","type-page","status-publish","hentry"],"acf":[],"yoast_head":"<!-- This site is optimized with the Yoast SEO plugin v27.3 - https:\/\/yoast.com\/product\/yoast-seo-wordpress\/ -->\n<title>Dati personali - ASCA Sp\u00e9cialiste des \u00e9tiquettes \u00e9lectroniques en Pharmacie<\/title>\n<meta name=\"robots\" content=\"index, follow, max-snippet:-1, max-image-preview:large, max-video-preview:-1\" \/>\n<link rel=\"canonical\" href=\"https:\/\/asca-pharma.com\/it\/dati-personali\/\" \/>\n<meta property=\"og:locale\" content=\"it_IT\" \/>\n<meta property=\"og:type\" content=\"article\" \/>\n<meta property=\"og:title\" content=\"Dati personali - ASCA Sp\u00e9cialiste des \u00e9tiquettes \u00e9lectroniques en Pharmacie\" \/>\n<meta property=\"og:description\" content=\"I miei dati relativi al sito asca-pharma.com Gestisci i miei cookie Gestione dei cookie Tracciamento Matomo Tutti i dati che mi riguardano\" \/>\n<meta property=\"og:url\" content=\"https:\/\/asca-pharma.com\/it\/dati-personali\/\" \/>\n<meta property=\"og:site_name\" content=\"ASCA Sp\u00e9cialiste des \u00e9tiquettes \u00e9lectroniques en Pharmacie\" \/>\n<meta property=\"article:publisher\" content=\"https:\/\/www.facebook.com\/Pharmagest\/\" \/>\n<meta property=\"article:modified_time\" content=\"2026-04-29T07:22:40+00:00\" \/>\n<meta name=\"twitter:card\" content=\"summary_large_image\" \/>\n<meta name=\"twitter:site\" content=\"@Pharmagest\" \/>\n<script type=\"application\/ld+json\" class=\"yoast-schema-graph\">{\"@context\":\"https:\\\/\\\/schema.org\",\"@graph\":[{\"@type\":\"WebPage\",\"@id\":\"https:\\\/\\\/asca-pharma.com\\\/it\\\/dati-personali\\\/\",\"url\":\"https:\\\/\\\/asca-pharma.com\\\/it\\\/dati-personali\\\/\",\"name\":\"Dati personali - ASCA Sp\u00e9cialiste des \u00e9tiquettes \u00e9lectroniques en Pharmacie\",\"isPartOf\":{\"@id\":\"https:\\\/\\\/asca-pharma.com\\\/it\\\/#website\"},\"datePublished\":\"2023-02-07T16:21:06+00:00\",\"dateModified\":\"2026-04-29T07:22:40+00:00\",\"breadcrumb\":{\"@id\":\"https:\\\/\\\/asca-pharma.com\\\/it\\\/dati-personali\\\/#breadcrumb\"},\"inLanguage\":\"it-IT\",\"potentialAction\":[{\"@type\":\"ReadAction\",\"target\":[\"https:\\\/\\\/asca-pharma.com\\\/it\\\/dati-personali\\\/\"]}]},{\"@type\":\"BreadcrumbList\",\"@id\":\"https:\\\/\\\/asca-pharma.com\\\/it\\\/dati-personali\\\/#breadcrumb\",\"itemListElement\":[{\"@type\":\"ListItem\",\"position\":1,\"name\":\"Accueil\",\"item\":\"https:\\\/\\\/asca-pharma.com\\\/it\\\/\"},{\"@type\":\"ListItem\",\"position\":2,\"name\":\"Dati personali\"}]},{\"@type\":\"WebSite\",\"@id\":\"https:\\\/\\\/asca-pharma.com\\\/it\\\/#website\",\"url\":\"https:\\\/\\\/asca-pharma.com\\\/it\\\/\",\"name\":\"ASCA Sp\u00e9cialiste des \u00e9tiquettes \u00e9lectroniques en Pharmacie\",\"description\":\"Au profit de vos performances\",\"publisher\":{\"@id\":\"https:\\\/\\\/asca-pharma.com\\\/it\\\/#organization\"},\"potentialAction\":[{\"@type\":\"SearchAction\",\"target\":{\"@type\":\"EntryPoint\",\"urlTemplate\":\"https:\\\/\\\/asca-pharma.com\\\/it\\\/?s={search_term_string}\"},\"query-input\":{\"@type\":\"PropertyValueSpecification\",\"valueRequired\":true,\"valueName\":\"search_term_string\"}}],\"inLanguage\":\"it-IT\"},{\"@type\":\"Organization\",\"@id\":\"https:\\\/\\\/asca-pharma.com\\\/it\\\/#organization\",\"name\":\"ASCA Sp\u00e9cialiste des \u00e9tiquettes \u00e9lectroniques en Pharmacie\",\"url\":\"https:\\\/\\\/asca-pharma.com\\\/it\\\/\",\"logo\":{\"@type\":\"ImageObject\",\"inLanguage\":\"it-IT\",\"@id\":\"https:\\\/\\\/asca-pharma.com\\\/it\\\/#\\\/schema\\\/logo\\\/image\\\/\",\"url\":\"https:\\\/\\\/asca-pharma.com\\\/wp-content\\\/uploads\\\/ASCA_logo-2.png\",\"contentUrl\":\"https:\\\/\\\/asca-pharma.com\\\/wp-content\\\/uploads\\\/ASCA_logo-2.png\",\"width\":272,\"height\":106,\"caption\":\"ASCA Sp\u00e9cialiste des \u00e9tiquettes \u00e9lectroniques en Pharmacie\"},\"image\":{\"@id\":\"https:\\\/\\\/asca-pharma.com\\\/it\\\/#\\\/schema\\\/logo\\\/image\\\/\"},\"sameAs\":[\"https:\\\/\\\/www.facebook.com\\\/Pharmagest\\\/\",\"https:\\\/\\\/x.com\\\/Pharmagest\",\"https:\\\/\\\/www.linkedin.com\\\/company\\\/741276\"]}]}<\/script>\n<!-- \/ Yoast SEO plugin. -->","yoast_head_json":{"title":"Dati personali - ASCA Sp\u00e9cialiste des \u00e9tiquettes \u00e9lectroniques en Pharmacie","robots":{"index":"index","follow":"follow","max-snippet":"max-snippet:-1","max-image-preview":"max-image-preview:large","max-video-preview":"max-video-preview:-1"},"canonical":"https:\/\/asca-pharma.com\/it\/dati-personali\/","og_locale":"it_IT","og_type":"article","og_title":"Dati personali - ASCA Sp\u00e9cialiste des \u00e9tiquettes \u00e9lectroniques en Pharmacie","og_description":"I miei dati relativi al sito asca-pharma.com Gestisci i miei cookie Gestione dei cookie Tracciamento Matomo Tutti i dati che mi riguardano","og_url":"https:\/\/asca-pharma.com\/it\/dati-personali\/","og_site_name":"ASCA Sp\u00e9cialiste des \u00e9tiquettes \u00e9lectroniques en Pharmacie","article_publisher":"https:\/\/www.facebook.com\/Pharmagest\/","article_modified_time":"2026-04-29T07:22:40+00:00","twitter_card":"summary_large_image","twitter_site":"@Pharmagest","schema":{"@context":"https:\/\/schema.org","@graph":[{"@type":"WebPage","@id":"https:\/\/asca-pharma.com\/it\/dati-personali\/","url":"https:\/\/asca-pharma.com\/it\/dati-personali\/","name":"Dati personali - ASCA Sp\u00e9cialiste des \u00e9tiquettes \u00e9lectroniques en Pharmacie","isPartOf":{"@id":"https:\/\/asca-pharma.com\/it\/#website"},"datePublished":"2023-02-07T16:21:06+00:00","dateModified":"2026-04-29T07:22:40+00:00","breadcrumb":{"@id":"https:\/\/asca-pharma.com\/it\/dati-personali\/#breadcrumb"},"inLanguage":"it-IT","potentialAction":[{"@type":"ReadAction","target":["https:\/\/asca-pharma.com\/it\/dati-personali\/"]}]},{"@type":"BreadcrumbList","@id":"https:\/\/asca-pharma.com\/it\/dati-personali\/#breadcrumb","itemListElement":[{"@type":"ListItem","position":1,"name":"Accueil","item":"https:\/\/asca-pharma.com\/it\/"},{"@type":"ListItem","position":2,"name":"Dati personali"}]},{"@type":"WebSite","@id":"https:\/\/asca-pharma.com\/it\/#website","url":"https:\/\/asca-pharma.com\/it\/","name":"ASCA Sp\u00e9cialiste des \u00e9tiquettes \u00e9lectroniques en Pharmacie","description":"Au profit de vos performances","publisher":{"@id":"https:\/\/asca-pharma.com\/it\/#organization"},"potentialAction":[{"@type":"SearchAction","target":{"@type":"EntryPoint","urlTemplate":"https:\/\/asca-pharma.com\/it\/?s={search_term_string}"},"query-input":{"@type":"PropertyValueSpecification","valueRequired":true,"valueName":"search_term_string"}}],"inLanguage":"it-IT"},{"@type":"Organization","@id":"https:\/\/asca-pharma.com\/it\/#organization","name":"ASCA Sp\u00e9cialiste des \u00e9tiquettes \u00e9lectroniques en Pharmacie","url":"https:\/\/asca-pharma.com\/it\/","logo":{"@type":"ImageObject","inLanguage":"it-IT","@id":"https:\/\/asca-pharma.com\/it\/#\/schema\/logo\/image\/","url":"https:\/\/asca-pharma.com\/wp-content\/uploads\/ASCA_logo-2.png","contentUrl":"https:\/\/asca-pharma.com\/wp-content\/uploads\/ASCA_logo-2.png","width":272,"height":106,"caption":"ASCA Sp\u00e9cialiste des \u00e9tiquettes \u00e9lectroniques en Pharmacie"},"image":{"@id":"https:\/\/asca-pharma.com\/it\/#\/schema\/logo\/image\/"},"sameAs":["https:\/\/www.facebook.com\/Pharmagest\/","https:\/\/x.com\/Pharmagest","https:\/\/www.linkedin.com\/company\/741276"]}]}},"_links":{"self":[{"href":"https:\/\/asca-pharma.com\/it\/wp-json\/wp\/v2\/pages\/6830","targetHints":{"allow":["GET"]}}],"collection":[{"href":"https:\/\/asca-pharma.com\/it\/wp-json\/wp\/v2\/pages"}],"about":[{"href":"https:\/\/asca-pharma.com\/it\/wp-json\/wp\/v2\/types\/page"}],"author":[{"embeddable":true,"href":"https:\/\/asca-pharma.com\/it\/wp-json\/wp\/v2\/users\/7"}],"replies":[{"embeddable":true,"href":"https:\/\/asca-pharma.com\/it\/wp-json\/wp\/v2\/comments?post=6830"}],"version-history":[{"count":3,"href":"https:\/\/asca-pharma.com\/it\/wp-json\/wp\/v2\/pages\/6830\/revisions"}],"predecessor-version":[{"id":7787,"href":"https:\/\/asca-pharma.com\/it\/wp-json\/wp\/v2\/pages\/6830\/revisions\/7787"}],"wp:attachment":[{"href":"https:\/\/asca-pharma.com\/it\/wp-json\/wp\/v2\/media?parent=6830"}],"curies":[{"name":"wp","href":"https:\/\/api.w.org\/{rel}","templated":true}]}}