{"id":6873,"date":"2023-02-07T17:20:11","date_gmt":"2023-02-07T16:20:11","guid":{"rendered":"https:\/\/asca-pharma.com\/note-legali\/"},"modified":"2025-10-02T11:39:23","modified_gmt":"2025-10-02T09:39:23","slug":"note-legali","status":"publish","type":"page","link":"https:\/\/asca-pharma.com\/it\/note-legali\/","title":{"rendered":"Note legali"},"content":{"rendered":"<div class=\"container\"><div class=\"row\"><div class=\"medium-large-full\">\n<p>La sede legale si trova in 16 Rue des Quilles, 77700 Chessy.<\/p>\n<\/div><\/div><\/div><div class=\"container\"><div class=\"row\"><div class=\"medium-large-full\">\n<p><strong>Email: <\/strong><a href=\"mailto:contact@asca-pharma.com\">contact@asca-pharma.com<\/a><br\/><strong>Tel.<\/strong> 01 64 17 18 50<\/p>\n<\/div><\/div><\/div><div class=\"container\"><div class=\"row\"><div class=\"medium-large-full\">\n<p><strong>RCS<\/strong> Nancy B 403 561 137<br\/><strong>P.IVA FR:<\/strong> 39403561137<br\/><strong>Siret:<\/strong> 403 561 137 002 05<\/p>\n<\/div><\/div><\/div><div class=\"container\"><div class=\"row\"><div class=\"medium-large-full\">\n<p><strong>Direttore della pubblicazione:<\/strong> Antoine Chenu<\/p>\n<\/div><\/div><\/div><div class=\"container\"><div class=\"row\"><div class=\"medium-large-full\">\n<h2 class=\"wp-block-heading\">Hosting<\/h2>\n<\/div><\/div><\/div><div class=\"container\"><div class=\"row\"><div class=\"medium-large-full\">\n<p>Equasens<br\/>5 All\u00e9e de Saint-Cloud<br\/>54600 VILLERS-L\u00c8S-NANCY<\/p>\n<\/div><\/div><\/div><div class=\"container\"><div class=\"row\"><div class=\"medium-large-full\">\n<h2 class=\"wp-block-heading\">Condizioni generali d&#8217;uso<\/h2>\n<\/div><\/div><\/div><div class=\"container\"><div class=\"row\"><div class=\"medium-large-full\">\n<p>L&#8217;utilizzo di questo servizio \u00e8 riservato a un uso strettamente personale.<\/p>\n<\/div><\/div><\/div><div class=\"container\"><div class=\"row\"><div class=\"medium-large-full\">\n<p>Qualsiasi riproduzione o rappresentazione, in tutto o in parte, per altri scopi su qualsiasi supporto \u00e8 vietata senza l&#8217;espressa e preventiva autorizzazione di ASCA e costituirebbe una contraffazione ai sensi degli articoli L 335-2 e seguenti del codice della propriet\u00e0 intellettuale.<\/p>\n<\/div><\/div><\/div><div class=\"container\"><div class=\"row\"><div class=\"medium-large-full\">\n<p>Il mancato rispetto di questo divieto costituisce una contraffazione che pu\u00f2 comportare la responsabilit\u00e0 civile e penale del contraffattore.<\/p>\n<\/div><\/div><\/div><div class=\"container\"><div class=\"row\"><div class=\"medium-large-full\">\n<p>Le informazioni contenute in questo servizio non sono contrattuali e sono soggette a modifiche senza preavviso.<\/p>\n<\/div><\/div><\/div><div class=\"container\"><div class=\"row\"><div class=\"medium-large-full\">\n<p>I link ipertestuali implementati all&#8217;interno del sito ASCA verso altri siti e, in generale, verso tutte le risorse esistenti su internet non possono impegnare la responsabilit\u00e0 dell&#8217;agenzia.<\/p>\n<\/div><\/div><\/div><div class=\"container\"><div class=\"row\"><div class=\"medium-large-full\">\n<h2 class=\"wp-block-heading\">Riproduzione su supporto cartaceo<\/h2>\n<\/div><\/div><\/div><div class=\"container\"><div class=\"row\"><div class=\"medium-large-full\">\n<p>Ad eccezione dell&#8217;iconografia, la riproduzione delle pagine di questo sito su supporto cartaceo \u00e8 autorizzata, a condizione che siano rispettate le tre seguenti condizioni:<br\/>&#8211; Gratuit\u00e0 della diffusione <br\/>&#8211; Rispetto dell&#8217;integrit\u00e0 dei documenti riprodotti (nessuna modifica o alterazione di alcun tipo)<br\/>&#8211; Citazione esplicita del sito www.asca-pharma.com come fonte e menzione che i diritti di riproduzione sono riservati e strettamente limitati<\/p>\n<\/div><\/div><\/div><div class=\"container\"><div class=\"row\"><div class=\"medium-large-full\">\n<h2 class=\"wp-block-heading\">Riproduzione su supporto elettronico<\/h2>\n<\/div><\/div><\/div><div class=\"container\"><div class=\"row\"><div class=\"medium-large-full\">\n<p>La riproduzione di tutto o parte di questo sito su supporto elettronico \u00e8 autorizzata a condizione che venga aggiunta in modo chiaro e leggibile la fonte www.asca-pharma.com e la dicitura \u201cTutti i diritti riservati\u201d.<\/p>\n<\/div><\/div><\/div><div class=\"container\"><div class=\"row\"><div class=\"medium-large-full\">\n<p>Le informazioni utilizzate devono essere solo per scopi personali, associativi o professionali; \u00e8 escluso qualsiasi utilizzo a fini commerciali o pubblicitari.<\/p>\n<\/div><\/div><\/div><div class=\"container\"><div class=\"row\"><div class=\"medium-large-full\">\n<h2 class=\"wp-block-heading\">Creazione di link al sito www.asca-pharma.com<\/h2>\n<\/div><\/div><\/div><div class=\"container\"><div class=\"row\"><div class=\"medium-large-full\">\n<p>ASCA autorizza la creazione di un link ipertestuale che punta al suo contenuto, a condizione che:<\/p>\n<\/div><\/div><\/div><div class=\"container\"><div class=\"row\"><div class=\"medium-large-full\">\n<p>Non utilizzare la tecnica del link profondo (\u201cdeep linking\u201d), ovvero le pagine del sito (asca-pharma.com) non devono essere incorporate all&#8217;interno delle pagine di un altro sito, ma accessibili tramite l&#8217;apertura di una finestra.<\/p>\n<\/div><\/div><\/div><div class=\"container\"><div class=\"row\"><div class=\"medium-large-full\">\n<p>Menzionare la fonte che punter\u00e0, tramite un link ipertestuale, direttamente al contenuto desiderato.<\/p>\n<\/div><\/div><\/div><div class=\"container\"><div class=\"row\"><div class=\"medium-large-full\">\n<p>Le informazioni utilizzate devono essere solo per scopi personali, associativi o professionali; \u00e8 escluso qualsiasi utilizzo a fini commerciali o pubblicitari.<\/p>\n<\/div><\/div><\/div><div class=\"container\"><div class=\"row\"><div class=\"medium-large-full\">\n<p>Attenzione! Questa autorizzazione non si applica ai siti internet che diffondono informazioni di carattere polemico, pornografico, xenofobo o che possano, in misura pi\u00f9 ampia, ledere la sensibilit\u00e0 della maggior parte delle persone.<\/p>\n<\/div><\/div><\/div><div class=\"container\"><div class=\"row\"><div class=\"medium-large-full\">\n<p>Per qualsiasi altro utilizzo, ti preghiamo di consultarci.<\/p>\n<\/div><\/div><\/div><div class=\"container\"><div class=\"row\"><div class=\"medium-large-full\">\n<h2 class=\"wp-block-heading\">Iconografia<\/h2>\n<\/div><\/div><\/div><div class=\"container\"><div class=\"row\"><div class=\"medium-large-full\">\n<p><strong>Crediti fotografici:<\/strong> ASCA<br\/><\/p>\n<\/div><\/div><\/div><div class=\"container\"><div class=\"row\"><div class=\"medium-large-full\">\n<h3 class=\"wp-block-heading\">Privacy e protezione dei dati personali<\/h3>\n<\/div><\/div><\/div><div class=\"container\"><div class=\"row\"><div class=\"medium-large-full\">\n<p>In conformit\u00e0 con la legge sulla protezione dei dati N\u00b0 78-17 del 06 gennaio 1978, puoi in qualsiasi momento modificare o eliminare le informazioni relative alla tua iscrizione. Essendo queste informazioni confidenziali, ASCA si impegna a proteggerle. Ti invitiamo a <a href=\"https:\/\/asca-pharma.com\/it\/dati-personali\/\">consultare la pagina dei dati personali<\/a> per maggiori informazioni.<\/p>\n<\/div><\/div><\/div><div class=\"container\"><div class=\"row\"><div class=\"medium-large-full\">\n<p>Hai il diritto di accesso, modifica, rettifica e cancellazione dei dati che ti riguardano (art. 34 della legge \u201cInformatique et Libert\u00e9s\u201d). Puoi esercitare questo diritto direttamente sul sito o contattandoci:<\/p>\n<\/div><\/div><\/div><div class=\"container\"><div class=\"row\"><div class=\"medium-large-full\">\n<p>ASCA<strong>\n  <br\/>\n<\/strong>16 Rue des Quilles<br\/>77700 Chessy<\/p>\n<\/div><\/div><\/div><div class=\"container\"><div class=\"row\"><div class=\"medium-large-full\">\n<p><strong>Email: <\/strong><a href=\"mailto:contact@asca-pharma.com\" target=\"_blank\" rel=\"noreferrer noopener\">contact@asca-pharma.com<\/a><\/p>\n<\/div><\/div><\/div><div class=\"container\"><div class=\"row\"><div class=\"medium-large-full\">\n<p><\/p>\n<\/div><\/div><\/div>","protected":false},"excerpt":{"rendered":"<p>La sede legale si trova in 16 Rue des Quilles, 77700 Chessy. Email: contact@asca-pharma.comTel. 01 64 17 18 50 RCS Nancy B 403 561 137P.IVA FR: 39403561137Siret: 403 561 137 002 05 Direttore della pubblicazione: Antoine Chenu Hosting Equasens5 All\u00e9e de Saint-Cloud54600 VILLERS-L\u00c8S-NANCY Condizioni generali d&#8217;uso L&#8217;utilizzo di questo servizio \u00e8 riservato a un uso [&hellip;]<\/p>\n","protected":false},"author":7,"featured_media":6829,"parent":0,"menu_order":34,"comment_status":"closed","ping_status":"closed","template":"","meta":{"footnotes":""},"class_list":["post-6873","page","type-page","status-publish","has-post-thumbnail","hentry"],"acf":[],"yoast_head":"<!-- This site is optimized with the Yoast SEO plugin v27.3 - https:\/\/yoast.com\/product\/yoast-seo-wordpress\/ -->\n<title>Note legali - ASCA Sp\u00e9cialiste des \u00e9tiquettes \u00e9lectroniques en Pharmacie<\/title>\n<meta name=\"robots\" content=\"index, follow, max-snippet:-1, max-image-preview:large, max-video-preview:-1\" \/>\n<link rel=\"canonical\" href=\"https:\/\/asca-pharma.com\/it\/note-legali\/\" \/>\n<meta property=\"og:locale\" content=\"it_IT\" \/>\n<meta property=\"og:type\" content=\"article\" \/>\n<meta property=\"og:title\" content=\"Note legali - ASCA Sp\u00e9cialiste des \u00e9tiquettes \u00e9lectroniques en Pharmacie\" \/>\n<meta property=\"og:description\" content=\"La sede legale si trova in 16 Rue des Quilles, 77700 Chessy. Email: contact@asca-pharma.comTel. 01 64 17 18 50 RCS Nancy B 403 561 137P.IVA FR: 39403561137Siret: 403 561 137 002 05 Direttore della pubblicazione: Antoine Chenu Hosting Equasens5 All\u00e9e de Saint-Cloud54600 VILLERS-L\u00c8S-NANCY Condizioni generali d&#8217;uso L&#8217;utilizzo di questo servizio \u00e8 riservato a un uso [&hellip;]\" \/>\n<meta property=\"og:url\" content=\"https:\/\/asca-pharma.com\/it\/note-legali\/\" \/>\n<meta property=\"og:site_name\" content=\"ASCA Sp\u00e9cialiste des \u00e9tiquettes \u00e9lectroniques en Pharmacie\" \/>\n<meta property=\"article:publisher\" content=\"https:\/\/www.facebook.com\/Pharmagest\/\" \/>\n<meta property=\"article:modified_time\" content=\"2025-10-02T09:39:23+00:00\" \/>\n<meta property=\"og:image\" content=\"https:\/\/asca-pharma.com\/wp-content\/uploads\/header_bleu.png\" \/>\n\t<meta property=\"og:image:width\" content=\"1920\" \/>\n\t<meta property=\"og:image:height\" content=\"712\" \/>\n\t<meta property=\"og:image:type\" content=\"image\/png\" \/>\n<meta name=\"twitter:card\" content=\"summary_large_image\" \/>\n<meta name=\"twitter:site\" content=\"@Pharmagest\" \/>\n<meta name=\"twitter:label1\" content=\"Tempo di lettura stimato\" \/>\n\t<meta name=\"twitter:data1\" content=\"3 minuti\" \/>\n<script type=\"application\/ld+json\" class=\"yoast-schema-graph\">{\"@context\":\"https:\\\/\\\/schema.org\",\"@graph\":[{\"@type\":\"WebPage\",\"@id\":\"https:\\\/\\\/asca-pharma.com\\\/it\\\/note-legali\\\/\",\"url\":\"https:\\\/\\\/asca-pharma.com\\\/it\\\/note-legali\\\/\",\"name\":\"Note legali - ASCA Sp\u00e9cialiste des \u00e9tiquettes \u00e9lectroniques en Pharmacie\",\"isPartOf\":{\"@id\":\"https:\\\/\\\/asca-pharma.com\\\/it\\\/#website\"},\"primaryImageOfPage\":{\"@id\":\"https:\\\/\\\/asca-pharma.com\\\/it\\\/note-legali\\\/#primaryimage\"},\"image\":{\"@id\":\"https:\\\/\\\/asca-pharma.com\\\/it\\\/note-legali\\\/#primaryimage\"},\"thumbnailUrl\":\"https:\\\/\\\/asca-pharma.com\\\/wp-content\\\/uploads\\\/header_bleu.png\",\"datePublished\":\"2023-02-07T16:20:11+00:00\",\"dateModified\":\"2025-10-02T09:39:23+00:00\",\"breadcrumb\":{\"@id\":\"https:\\\/\\\/asca-pharma.com\\\/it\\\/note-legali\\\/#breadcrumb\"},\"inLanguage\":\"it-IT\",\"potentialAction\":[{\"@type\":\"ReadAction\",\"target\":[\"https:\\\/\\\/asca-pharma.com\\\/it\\\/note-legali\\\/\"]}]},{\"@type\":\"ImageObject\",\"inLanguage\":\"it-IT\",\"@id\":\"https:\\\/\\\/asca-pharma.com\\\/it\\\/note-legali\\\/#primaryimage\",\"url\":\"https:\\\/\\\/asca-pharma.com\\\/wp-content\\\/uploads\\\/header_bleu.png\",\"contentUrl\":\"https:\\\/\\\/asca-pharma.com\\\/wp-content\\\/uploads\\\/header_bleu.png\",\"width\":1920,\"height\":712},{\"@type\":\"BreadcrumbList\",\"@id\":\"https:\\\/\\\/asca-pharma.com\\\/it\\\/note-legali\\\/#breadcrumb\",\"itemListElement\":[{\"@type\":\"ListItem\",\"position\":1,\"name\":\"Accueil\",\"item\":\"https:\\\/\\\/asca-pharma.com\\\/it\\\/\"},{\"@type\":\"ListItem\",\"position\":2,\"name\":\"Note legali\"}]},{\"@type\":\"WebSite\",\"@id\":\"https:\\\/\\\/asca-pharma.com\\\/it\\\/#website\",\"url\":\"https:\\\/\\\/asca-pharma.com\\\/it\\\/\",\"name\":\"ASCA Sp\u00e9cialiste des \u00e9tiquettes \u00e9lectroniques en Pharmacie\",\"description\":\"Au profit de vos performances\",\"publisher\":{\"@id\":\"https:\\\/\\\/asca-pharma.com\\\/it\\\/#organization\"},\"potentialAction\":[{\"@type\":\"SearchAction\",\"target\":{\"@type\":\"EntryPoint\",\"urlTemplate\":\"https:\\\/\\\/asca-pharma.com\\\/it\\\/?s={search_term_string}\"},\"query-input\":{\"@type\":\"PropertyValueSpecification\",\"valueRequired\":true,\"valueName\":\"search_term_string\"}}],\"inLanguage\":\"it-IT\"},{\"@type\":\"Organization\",\"@id\":\"https:\\\/\\\/asca-pharma.com\\\/it\\\/#organization\",\"name\":\"ASCA Sp\u00e9cialiste des \u00e9tiquettes \u00e9lectroniques en Pharmacie\",\"url\":\"https:\\\/\\\/asca-pharma.com\\\/it\\\/\",\"logo\":{\"@type\":\"ImageObject\",\"inLanguage\":\"it-IT\",\"@id\":\"https:\\\/\\\/asca-pharma.com\\\/it\\\/#\\\/schema\\\/logo\\\/image\\\/\",\"url\":\"https:\\\/\\\/asca-pharma.com\\\/wp-content\\\/uploads\\\/ASCA_logo-2.png\",\"contentUrl\":\"https:\\\/\\\/asca-pharma.com\\\/wp-content\\\/uploads\\\/ASCA_logo-2.png\",\"width\":272,\"height\":106,\"caption\":\"ASCA Sp\u00e9cialiste des \u00e9tiquettes \u00e9lectroniques en Pharmacie\"},\"image\":{\"@id\":\"https:\\\/\\\/asca-pharma.com\\\/it\\\/#\\\/schema\\\/logo\\\/image\\\/\"},\"sameAs\":[\"https:\\\/\\\/www.facebook.com\\\/Pharmagest\\\/\",\"https:\\\/\\\/x.com\\\/Pharmagest\",\"https:\\\/\\\/www.linkedin.com\\\/company\\\/741276\"]}]}<\/script>\n<!-- \/ Yoast SEO plugin. -->","yoast_head_json":{"title":"Note legali - ASCA Sp\u00e9cialiste des \u00e9tiquettes \u00e9lectroniques en Pharmacie","robots":{"index":"index","follow":"follow","max-snippet":"max-snippet:-1","max-image-preview":"max-image-preview:large","max-video-preview":"max-video-preview:-1"},"canonical":"https:\/\/asca-pharma.com\/it\/note-legali\/","og_locale":"it_IT","og_type":"article","og_title":"Note legali - ASCA Sp\u00e9cialiste des \u00e9tiquettes \u00e9lectroniques en Pharmacie","og_description":"La sede legale si trova in 16 Rue des Quilles, 77700 Chessy. Email: contact@asca-pharma.comTel. 01 64 17 18 50 RCS Nancy B 403 561 137P.IVA FR: 39403561137Siret: 403 561 137 002 05 Direttore della pubblicazione: Antoine Chenu Hosting Equasens5 All\u00e9e de Saint-Cloud54600 VILLERS-L\u00c8S-NANCY Condizioni generali d&#8217;uso L&#8217;utilizzo di questo servizio \u00e8 riservato a un uso [&hellip;]","og_url":"https:\/\/asca-pharma.com\/it\/note-legali\/","og_site_name":"ASCA Sp\u00e9cialiste des \u00e9tiquettes \u00e9lectroniques en Pharmacie","article_publisher":"https:\/\/www.facebook.com\/Pharmagest\/","article_modified_time":"2025-10-02T09:39:23+00:00","og_image":[{"width":1920,"height":712,"url":"https:\/\/asca-pharma.com\/wp-content\/uploads\/header_bleu.png","type":"image\/png"}],"twitter_card":"summary_large_image","twitter_site":"@Pharmagest","twitter_misc":{"Tempo di lettura stimato":"3 minuti"},"schema":{"@context":"https:\/\/schema.org","@graph":[{"@type":"WebPage","@id":"https:\/\/asca-pharma.com\/it\/note-legali\/","url":"https:\/\/asca-pharma.com\/it\/note-legali\/","name":"Note legali - ASCA Sp\u00e9cialiste des \u00e9tiquettes \u00e9lectroniques en Pharmacie","isPartOf":{"@id":"https:\/\/asca-pharma.com\/it\/#website"},"primaryImageOfPage":{"@id":"https:\/\/asca-pharma.com\/it\/note-legali\/#primaryimage"},"image":{"@id":"https:\/\/asca-pharma.com\/it\/note-legali\/#primaryimage"},"thumbnailUrl":"https:\/\/asca-pharma.com\/wp-content\/uploads\/header_bleu.png","datePublished":"2023-02-07T16:20:11+00:00","dateModified":"2025-10-02T09:39:23+00:00","breadcrumb":{"@id":"https:\/\/asca-pharma.com\/it\/note-legali\/#breadcrumb"},"inLanguage":"it-IT","potentialAction":[{"@type":"ReadAction","target":["https:\/\/asca-pharma.com\/it\/note-legali\/"]}]},{"@type":"ImageObject","inLanguage":"it-IT","@id":"https:\/\/asca-pharma.com\/it\/note-legali\/#primaryimage","url":"https:\/\/asca-pharma.com\/wp-content\/uploads\/header_bleu.png","contentUrl":"https:\/\/asca-pharma.com\/wp-content\/uploads\/header_bleu.png","width":1920,"height":712},{"@type":"BreadcrumbList","@id":"https:\/\/asca-pharma.com\/it\/note-legali\/#breadcrumb","itemListElement":[{"@type":"ListItem","position":1,"name":"Accueil","item":"https:\/\/asca-pharma.com\/it\/"},{"@type":"ListItem","position":2,"name":"Note legali"}]},{"@type":"WebSite","@id":"https:\/\/asca-pharma.com\/it\/#website","url":"https:\/\/asca-pharma.com\/it\/","name":"ASCA Sp\u00e9cialiste des \u00e9tiquettes \u00e9lectroniques en Pharmacie","description":"Au profit de vos performances","publisher":{"@id":"https:\/\/asca-pharma.com\/it\/#organization"},"potentialAction":[{"@type":"SearchAction","target":{"@type":"EntryPoint","urlTemplate":"https:\/\/asca-pharma.com\/it\/?s={search_term_string}"},"query-input":{"@type":"PropertyValueSpecification","valueRequired":true,"valueName":"search_term_string"}}],"inLanguage":"it-IT"},{"@type":"Organization","@id":"https:\/\/asca-pharma.com\/it\/#organization","name":"ASCA Sp\u00e9cialiste des \u00e9tiquettes \u00e9lectroniques en Pharmacie","url":"https:\/\/asca-pharma.com\/it\/","logo":{"@type":"ImageObject","inLanguage":"it-IT","@id":"https:\/\/asca-pharma.com\/it\/#\/schema\/logo\/image\/","url":"https:\/\/asca-pharma.com\/wp-content\/uploads\/ASCA_logo-2.png","contentUrl":"https:\/\/asca-pharma.com\/wp-content\/uploads\/ASCA_logo-2.png","width":272,"height":106,"caption":"ASCA Sp\u00e9cialiste des \u00e9tiquettes \u00e9lectroniques en Pharmacie"},"image":{"@id":"https:\/\/asca-pharma.com\/it\/#\/schema\/logo\/image\/"},"sameAs":["https:\/\/www.facebook.com\/Pharmagest\/","https:\/\/x.com\/Pharmagest","https:\/\/www.linkedin.com\/company\/741276"]}]}},"_links":{"self":[{"href":"https:\/\/asca-pharma.com\/it\/wp-json\/wp\/v2\/pages\/6873","targetHints":{"allow":["GET"]}}],"collection":[{"href":"https:\/\/asca-pharma.com\/it\/wp-json\/wp\/v2\/pages"}],"about":[{"href":"https:\/\/asca-pharma.com\/it\/wp-json\/wp\/v2\/types\/page"}],"author":[{"embeddable":true,"href":"https:\/\/asca-pharma.com\/it\/wp-json\/wp\/v2\/users\/7"}],"replies":[{"embeddable":true,"href":"https:\/\/asca-pharma.com\/it\/wp-json\/wp\/v2\/comments?post=6873"}],"version-history":[{"count":2,"href":"https:\/\/asca-pharma.com\/it\/wp-json\/wp\/v2\/pages\/6873\/revisions"}],"predecessor-version":[{"id":6902,"href":"https:\/\/asca-pharma.com\/it\/wp-json\/wp\/v2\/pages\/6873\/revisions\/6902"}],"wp:featuredmedia":[{"embeddable":true,"href":"https:\/\/asca-pharma.com\/it\/wp-json\/wp\/v2\/media\/6829"}],"wp:attachment":[{"href":"https:\/\/asca-pharma.com\/it\/wp-json\/wp\/v2\/media?parent=6873"}],"curies":[{"name":"wp","href":"https:\/\/api.w.org\/{rel}","templated":true}]}}