{"id":7727,"date":"2026-02-19T14:44:05","date_gmt":"2026-02-19T13:44:05","guid":{"rendered":"https:\/\/asca-pharma.com\/etica-e-corruzione\/"},"modified":"2026-04-17T14:31:06","modified_gmt":"2026-04-17T12:31:06","slug":"etica-e-corruzione","status":"publish","type":"page","link":"https:\/\/asca-pharma.com\/it\/etica-e-corruzione\/","title":{"rendered":"Etica e corruzione"},"content":{"rendered":"<div class=\"container\"><div class=\"row\"><div class=\"medium-large-full\">\n<p><br\/>In quanto filiale di <strong><a href=\"https:\/\/www.lacooperativewelcoop.com\/\">La Coop\u00e9rative Welcoop<\/a>, <\/strong>e del Gruppo <strong><a href=\"https:\/\/equasens.com\/\">Equasens<\/a><\/strong>, ASCA si impegna a condurre tutte le sue attivit\u00e0 nel rispetto di elevati standard etici, sociali e ambientali. Il nostro approccio si basa su una volont\u00e0 di trasparenza, integrit\u00e0 e responsabilit\u00e0 nei confronti dei nostri collaboratori, partner, clienti e pazienti. <\/p>\n<\/div><\/div><\/div><div class=\"container\"><div class=\"row\"><div class=\"medium-large-full\">\n<p><br\/>Le nostre azioni si basano su tre pilastri essenziali: la lotta alla corruzione, la prevenzione delle molestie e la messa a disposizione di un sistema di allerta etica.<\/p>\n<\/div><\/div><\/div><div class=\"container\"><div class=\"row\"><div class=\"medium-large-full\">\n<div style=\"height:42px\" aria-hidden=\"true\" class=\"wp-block-spacer\"><\/div>\n<\/div><\/div><\/div><div class=\"container\"><div class=\"row\"><div class=\"medium-large-full\">\n<p><strong>Lotta alla corruzione<\/strong><\/p>\n<\/div><\/div><\/div><div class=\"container\"><div class=\"row\"><div class=\"medium-large-full\">\n<p>Il nostro approccio etico mira a rispettare e far rispettare da tutti le leggi applicabili alle nostre attivit\u00e0 e quindi a combattere tutte le forme di corruzione.<br\/><strong>L&#8217;impegno di La Coop\u00e9rative Welcoop e delle sue filiali si \u00e8 concretizzato con l&#8217;implementazione di un codice di condotta.<\/strong><\/p>\n<\/div><\/div><\/div><div class=\"container\"><div class=\"row\"><div class=\"medium-large-full\">\n<p><br\/>Questo documento definisce le regole di comportamento e i principi d&#8217;azione che guidano ogni collaboratore nell&#8217;esercizio delle sue funzioni. <strong>Questo documento si applica a tutti i collaboratori di ASCA<\/strong>, indipendentemente dalla loro funzione.<\/p>\n<\/div><\/div><\/div><div class=\"container\"><div class=\"row\"><div class=\"medium-large-full\">\n<p>Per qualsiasi domanda relativa all&#8217;applicazione del codice di condotta o alla politica anticorruzione, ogni collaboratore pu\u00f2 contattare il nostro Ethic Officer e trasmettere la sua segnalazione: <a href=\"mailto:ethic-officers@lacooperativewelcoop.com\">ethic-officers@lacooperativewelcoop.com<\/a><\/p>\n<\/div><\/div><\/div><div class=\"container\"><div class=\"row\"><div class=\"medium-large-full\">\n<p><a href=\"https:\/\/equasens.com\/wp-content\/uploads\/2025\/09\/Code-de-conduite-30-07-25.pdf\" target=\"_blank\" rel=\"noreferrer noopener\">Consulta il nostro codice di condotta<\/a><\/p>\n<\/div><\/div><\/div><div class=\"container\"><div class=\"row\"><div class=\"medium-large-full\">\n<div style=\"height:42px\" aria-hidden=\"true\" class=\"wp-block-spacer\"><\/div>\n<\/div><\/div><\/div><div class=\"container\"><div class=\"row\"><div class=\"medium-large-full\">\n<p><strong>Segnalazione molestie<\/strong><\/p>\n<\/div><\/div><\/div><div class=\"container\"><div class=\"row\"><div class=\"medium-large-full\">\n<p>In ASCA, vegliamo sul rispetto e sul benessere di tutti. Al fine di prevenire eventuali problematiche di molestie morali o sessuali, <strong>il servizio Risorse Umane del Gruppo Equasens \u00e8 a disposizione dei collaboratori<\/strong> ASCA per accompagnarli. <\/p>\n<\/div><\/div><\/div><div class=\"container\"><div class=\"row\"><div class=\"medium-large-full\">\n<p><strong>Dei referenti molestie<\/strong> sono inoltre designati all&#8217;interno del Gruppo Equasens. Sono in ascolto dei collaboratori e possono assisterli in totale riservatezza e imparzialit\u00e0. Il medico del lavoro, tenuto al segreto professionale, pu\u00f2 essere anch&#8217;esso contattato per qualsiasi supporto o segnalazione.  <br\/><br\/><a href=\"https:\/\/equasens.com\/wp-content\/uploads\/2025\/09\/Lancement_alerte_28_07_25.pdf\" target=\"_blank\" rel=\"noreferrer noopener\">Consulta la procedura di raccolta delle segnalazioni<\/a><\/p>\n<\/div><\/div><\/div><div class=\"container\"><div class=\"row\"><div class=\"medium-large-full\">\n<div style=\"height:42px\" aria-hidden=\"true\" class=\"wp-block-spacer\"><\/div>\n<\/div><\/div><\/div><div class=\"container\"><div class=\"row\"><div class=\"medium-large-full\">\n<p><strong>Sistema di allerta<\/strong><\/p>\n<\/div><\/div><\/div><div class=\"container\"><div class=\"row\"><div class=\"medium-large-full\">\n<p><strong>La Coop\u00e9rative Welcoop ha implementato un sistema condiviso, con il Gruppo Equasens e le sue filiali, di raccolta delle allerte<\/strong>, accessibile a tutti i collaboratori e le parti interessate. Il sistema di allerta consente all&#8217;autore di una segnalazione, pur rimanendo anonimo se lo desidera, di portare a conoscenza di La Coop\u00e9rative Welcoop o del Gruppo Equasens fatti di: <\/p>\n<\/div><\/div><\/div><div class=\"container\"><div class=\"row\"><div class=\"medium-large-full\">\n<p>&#8211; Corruzione o frode<\/p>\n<\/div><\/div><\/div><div class=\"container\"><div class=\"row\"><div class=\"medium-large-full\">\n<p>&#8211; Molestie (morali e sessuali), discriminazione (genere, religione, origine, \u2026), o comportamenti sessisti e inappropriati<\/p>\n<\/div><\/div><\/div><div class=\"container\"><div class=\"row\"><div class=\"medium-large-full\">\n<p>&#8211; Violazioni dei diritti umani, della salute, della sicurezza e dell&#8217;ambiente<\/p>\n<\/div><\/div><\/div><div class=\"container\"><div class=\"row\"><div class=\"medium-large-full\">\n<p>&#8211; Violazione della protezione dei dati personali<\/p>\n<\/div><\/div><\/div><div class=\"container\"><div class=\"row\"><div class=\"medium-large-full\">\n<p>&#8211; Qualsiasi altro caso che sembri contrario ai principi etici<\/p>\n<\/div><\/div><\/div><div class=\"container\"><div class=\"row\"><div class=\"medium-large-full\">\n<p><a href=\"https:\/\/welcoop.besignal.com\/\" target=\"_blank\" rel=\"noreferrer noopener\">Accedi alla piattaforma di allerte<\/a><\/p>\n<\/div><\/div><\/div><div class=\"container\"><div class=\"row\"><div class=\"medium-large-full\">\n<div style=\"height:100px\" aria-hidden=\"true\" class=\"wp-block-spacer\"><\/div>\n<\/div><\/div><\/div><div class=\"container\"><div class=\"row\"><div class=\"medium-large-full\">\n<p><\/p>\n<\/div><\/div><\/div>","protected":false},"excerpt":{"rendered":"<p>In quanto filiale di La Coop\u00e9rative Welcoop, e del Gruppo Equasens, ASCA si impegna a condurre tutte le sue attivit\u00e0 nel rispetto di elevati standard etici, sociali e ambientali. Il nostro approccio si basa su una volont\u00e0 di trasparenza, integrit\u00e0 e responsabilit\u00e0 nei confronti dei nostri collaboratori, partner, clienti e pazienti. Le nostre azioni si [&hellip;]<\/p>\n","protected":false},"author":8,"featured_media":0,"parent":0,"menu_order":70,"comment_status":"closed","ping_status":"closed","template":"","meta":{"footnotes":""},"class_list":["post-7727","page","type-page","status-publish","hentry"],"acf":[],"yoast_head":"<!-- This site is optimized with the Yoast SEO plugin v27.3 - https:\/\/yoast.com\/product\/yoast-seo-wordpress\/ -->\n<title>Etica e corruzione - ASCA Sp\u00e9cialiste des \u00e9tiquettes \u00e9lectroniques en Pharmacie<\/title>\n<meta name=\"robots\" content=\"index, follow, max-snippet:-1, max-image-preview:large, max-video-preview:-1\" \/>\n<link rel=\"canonical\" href=\"https:\/\/asca-pharma.com\/it\/etica-e-corruzione\/\" \/>\n<meta property=\"og:locale\" content=\"it_IT\" \/>\n<meta property=\"og:type\" content=\"article\" \/>\n<meta property=\"og:title\" content=\"Etica e corruzione - ASCA Sp\u00e9cialiste des \u00e9tiquettes \u00e9lectroniques en Pharmacie\" \/>\n<meta property=\"og:description\" content=\"In quanto filiale di La Coop\u00e9rative Welcoop, e del Gruppo Equasens, ASCA si impegna a condurre tutte le sue attivit\u00e0 nel rispetto di elevati standard etici, sociali e ambientali. Il nostro approccio si basa su una volont\u00e0 di trasparenza, integrit\u00e0 e responsabilit\u00e0 nei confronti dei nostri collaboratori, partner, clienti e pazienti. Le nostre azioni si [&hellip;]\" \/>\n<meta property=\"og:url\" content=\"https:\/\/asca-pharma.com\/it\/etica-e-corruzione\/\" \/>\n<meta property=\"og:site_name\" content=\"ASCA Sp\u00e9cialiste des \u00e9tiquettes \u00e9lectroniques en Pharmacie\" \/>\n<meta property=\"article:publisher\" content=\"https:\/\/www.facebook.com\/Pharmagest\/\" \/>\n<meta property=\"article:modified_time\" content=\"2026-04-17T12:31:06+00:00\" \/>\n<meta name=\"twitter:card\" content=\"summary_large_image\" \/>\n<meta name=\"twitter:site\" content=\"@Pharmagest\" \/>\n<meta name=\"twitter:label1\" content=\"Tempo di lettura stimato\" \/>\n\t<meta name=\"twitter:data1\" content=\"2 minuti\" \/>\n<script type=\"application\/ld+json\" class=\"yoast-schema-graph\">{\"@context\":\"https:\\\/\\\/schema.org\",\"@graph\":[{\"@type\":\"WebPage\",\"@id\":\"https:\\\/\\\/asca-pharma.com\\\/it\\\/etica-e-corruzione\\\/\",\"url\":\"https:\\\/\\\/asca-pharma.com\\\/it\\\/etica-e-corruzione\\\/\",\"name\":\"Etica e corruzione - ASCA Sp\u00e9cialiste des \u00e9tiquettes \u00e9lectroniques en Pharmacie\",\"isPartOf\":{\"@id\":\"https:\\\/\\\/asca-pharma.com\\\/it\\\/#website\"},\"datePublished\":\"2026-02-19T13:44:05+00:00\",\"dateModified\":\"2026-04-17T12:31:06+00:00\",\"breadcrumb\":{\"@id\":\"https:\\\/\\\/asca-pharma.com\\\/it\\\/etica-e-corruzione\\\/#breadcrumb\"},\"inLanguage\":\"it-IT\",\"potentialAction\":[{\"@type\":\"ReadAction\",\"target\":[\"https:\\\/\\\/asca-pharma.com\\\/it\\\/etica-e-corruzione\\\/\"]}]},{\"@type\":\"BreadcrumbList\",\"@id\":\"https:\\\/\\\/asca-pharma.com\\\/it\\\/etica-e-corruzione\\\/#breadcrumb\",\"itemListElement\":[{\"@type\":\"ListItem\",\"position\":1,\"name\":\"Accueil\",\"item\":\"https:\\\/\\\/asca-pharma.com\\\/it\\\/\"},{\"@type\":\"ListItem\",\"position\":2,\"name\":\"Etica e corruzione\"}]},{\"@type\":\"WebSite\",\"@id\":\"https:\\\/\\\/asca-pharma.com\\\/it\\\/#website\",\"url\":\"https:\\\/\\\/asca-pharma.com\\\/it\\\/\",\"name\":\"ASCA Sp\u00e9cialiste des \u00e9tiquettes \u00e9lectroniques en Pharmacie\",\"description\":\"Au profit de vos performances\",\"publisher\":{\"@id\":\"https:\\\/\\\/asca-pharma.com\\\/it\\\/#organization\"},\"potentialAction\":[{\"@type\":\"SearchAction\",\"target\":{\"@type\":\"EntryPoint\",\"urlTemplate\":\"https:\\\/\\\/asca-pharma.com\\\/it\\\/?s={search_term_string}\"},\"query-input\":{\"@type\":\"PropertyValueSpecification\",\"valueRequired\":true,\"valueName\":\"search_term_string\"}}],\"inLanguage\":\"it-IT\"},{\"@type\":\"Organization\",\"@id\":\"https:\\\/\\\/asca-pharma.com\\\/it\\\/#organization\",\"name\":\"ASCA Sp\u00e9cialiste des \u00e9tiquettes \u00e9lectroniques en Pharmacie\",\"url\":\"https:\\\/\\\/asca-pharma.com\\\/it\\\/\",\"logo\":{\"@type\":\"ImageObject\",\"inLanguage\":\"it-IT\",\"@id\":\"https:\\\/\\\/asca-pharma.com\\\/it\\\/#\\\/schema\\\/logo\\\/image\\\/\",\"url\":\"https:\\\/\\\/asca-pharma.com\\\/wp-content\\\/uploads\\\/ASCA_logo-2.png\",\"contentUrl\":\"https:\\\/\\\/asca-pharma.com\\\/wp-content\\\/uploads\\\/ASCA_logo-2.png\",\"width\":272,\"height\":106,\"caption\":\"ASCA Sp\u00e9cialiste des \u00e9tiquettes \u00e9lectroniques en Pharmacie\"},\"image\":{\"@id\":\"https:\\\/\\\/asca-pharma.com\\\/it\\\/#\\\/schema\\\/logo\\\/image\\\/\"},\"sameAs\":[\"https:\\\/\\\/www.facebook.com\\\/Pharmagest\\\/\",\"https:\\\/\\\/x.com\\\/Pharmagest\",\"https:\\\/\\\/www.linkedin.com\\\/company\\\/741276\"]}]}<\/script>\n<!-- \/ Yoast SEO plugin. -->","yoast_head_json":{"title":"Etica e corruzione - ASCA Sp\u00e9cialiste des \u00e9tiquettes \u00e9lectroniques en Pharmacie","robots":{"index":"index","follow":"follow","max-snippet":"max-snippet:-1","max-image-preview":"max-image-preview:large","max-video-preview":"max-video-preview:-1"},"canonical":"https:\/\/asca-pharma.com\/it\/etica-e-corruzione\/","og_locale":"it_IT","og_type":"article","og_title":"Etica e corruzione - ASCA Sp\u00e9cialiste des \u00e9tiquettes \u00e9lectroniques en Pharmacie","og_description":"In quanto filiale di La Coop\u00e9rative Welcoop, e del Gruppo Equasens, ASCA si impegna a condurre tutte le sue attivit\u00e0 nel rispetto di elevati standard etici, sociali e ambientali. Il nostro approccio si basa su una volont\u00e0 di trasparenza, integrit\u00e0 e responsabilit\u00e0 nei confronti dei nostri collaboratori, partner, clienti e pazienti. Le nostre azioni si [&hellip;]","og_url":"https:\/\/asca-pharma.com\/it\/etica-e-corruzione\/","og_site_name":"ASCA Sp\u00e9cialiste des \u00e9tiquettes \u00e9lectroniques en Pharmacie","article_publisher":"https:\/\/www.facebook.com\/Pharmagest\/","article_modified_time":"2026-04-17T12:31:06+00:00","twitter_card":"summary_large_image","twitter_site":"@Pharmagest","twitter_misc":{"Tempo di lettura stimato":"2 minuti"},"schema":{"@context":"https:\/\/schema.org","@graph":[{"@type":"WebPage","@id":"https:\/\/asca-pharma.com\/it\/etica-e-corruzione\/","url":"https:\/\/asca-pharma.com\/it\/etica-e-corruzione\/","name":"Etica e corruzione - ASCA Sp\u00e9cialiste des \u00e9tiquettes \u00e9lectroniques en Pharmacie","isPartOf":{"@id":"https:\/\/asca-pharma.com\/it\/#website"},"datePublished":"2026-02-19T13:44:05+00:00","dateModified":"2026-04-17T12:31:06+00:00","breadcrumb":{"@id":"https:\/\/asca-pharma.com\/it\/etica-e-corruzione\/#breadcrumb"},"inLanguage":"it-IT","potentialAction":[{"@type":"ReadAction","target":["https:\/\/asca-pharma.com\/it\/etica-e-corruzione\/"]}]},{"@type":"BreadcrumbList","@id":"https:\/\/asca-pharma.com\/it\/etica-e-corruzione\/#breadcrumb","itemListElement":[{"@type":"ListItem","position":1,"name":"Accueil","item":"https:\/\/asca-pharma.com\/it\/"},{"@type":"ListItem","position":2,"name":"Etica e corruzione"}]},{"@type":"WebSite","@id":"https:\/\/asca-pharma.com\/it\/#website","url":"https:\/\/asca-pharma.com\/it\/","name":"ASCA Sp\u00e9cialiste des \u00e9tiquettes \u00e9lectroniques en Pharmacie","description":"Au profit de vos performances","publisher":{"@id":"https:\/\/asca-pharma.com\/it\/#organization"},"potentialAction":[{"@type":"SearchAction","target":{"@type":"EntryPoint","urlTemplate":"https:\/\/asca-pharma.com\/it\/?s={search_term_string}"},"query-input":{"@type":"PropertyValueSpecification","valueRequired":true,"valueName":"search_term_string"}}],"inLanguage":"it-IT"},{"@type":"Organization","@id":"https:\/\/asca-pharma.com\/it\/#organization","name":"ASCA Sp\u00e9cialiste des \u00e9tiquettes \u00e9lectroniques en Pharmacie","url":"https:\/\/asca-pharma.com\/it\/","logo":{"@type":"ImageObject","inLanguage":"it-IT","@id":"https:\/\/asca-pharma.com\/it\/#\/schema\/logo\/image\/","url":"https:\/\/asca-pharma.com\/wp-content\/uploads\/ASCA_logo-2.png","contentUrl":"https:\/\/asca-pharma.com\/wp-content\/uploads\/ASCA_logo-2.png","width":272,"height":106,"caption":"ASCA Sp\u00e9cialiste des \u00e9tiquettes \u00e9lectroniques en Pharmacie"},"image":{"@id":"https:\/\/asca-pharma.com\/it\/#\/schema\/logo\/image\/"},"sameAs":["https:\/\/www.facebook.com\/Pharmagest\/","https:\/\/x.com\/Pharmagest","https:\/\/www.linkedin.com\/company\/741276"]}]}},"_links":{"self":[{"href":"https:\/\/asca-pharma.com\/it\/wp-json\/wp\/v2\/pages\/7727","targetHints":{"allow":["GET"]}}],"collection":[{"href":"https:\/\/asca-pharma.com\/it\/wp-json\/wp\/v2\/pages"}],"about":[{"href":"https:\/\/asca-pharma.com\/it\/wp-json\/wp\/v2\/types\/page"}],"author":[{"embeddable":true,"href":"https:\/\/asca-pharma.com\/it\/wp-json\/wp\/v2\/users\/8"}],"replies":[{"embeddable":true,"href":"https:\/\/asca-pharma.com\/it\/wp-json\/wp\/v2\/comments?post=7727"}],"version-history":[{"count":1,"href":"https:\/\/asca-pharma.com\/it\/wp-json\/wp\/v2\/pages\/7727\/revisions"}],"predecessor-version":[{"id":7728,"href":"https:\/\/asca-pharma.com\/it\/wp-json\/wp\/v2\/pages\/7727\/revisions\/7728"}],"wp:attachment":[{"href":"https:\/\/asca-pharma.com\/it\/wp-json\/wp\/v2\/media?parent=7727"}],"curies":[{"name":"wp","href":"https:\/\/api.w.org\/{rel}","templated":true}]}}