{"id":7761,"date":"2023-03-06T17:24:55","date_gmt":"2023-03-06T16:24:55","guid":{"rendered":"https:\/\/asca-pharma.com\/etichetta-75\/"},"modified":"2026-04-29T15:41:31","modified_gmt":"2026-04-29T13:41:31","slug":"etichetta-75","status":"publish","type":"page","link":"https:\/\/asca-pharma.com\/it\/etichetta-75\/","title":{"rendered":"Etichetta 7,5&Prime;"},"content":{"rendered":"<div class=\"container\"><div class=\"row\"><div class=\"medium-large-full\">\n<p>Perfetta per visualizzare promozioni multiple.<\/p>\n<\/div><\/div><\/div>","protected":false},"excerpt":{"rendered":"<p>Perfetta per visualizzare promozioni multiple.<\/p>\n","protected":false},"author":7,"featured_media":7962,"parent":0,"menu_order":26,"comment_status":"closed","ping_status":"closed","template":"","meta":{"footnotes":""},"class_list":["post-7761","page","type-page","status-publish","has-post-thumbnail","hentry"],"acf":[],"yoast_head":"<!-- This site is optimized with the Yoast SEO plugin v27.3 - https:\/\/yoast.com\/product\/yoast-seo-wordpress\/ -->\n<title>Etichetta 7,5&Prime; - ASCA Sp\u00e9cialiste des \u00e9tiquettes \u00e9lectroniques en Pharmacie<\/title>\n<meta name=\"robots\" content=\"noindex, follow\" \/>\n<meta property=\"og:locale\" content=\"it_IT\" \/>\n<meta property=\"og:type\" content=\"article\" \/>\n<meta property=\"og:title\" content=\"Etichetta 7,5&Prime; - ASCA Sp\u00e9cialiste des \u00e9tiquettes \u00e9lectroniques en Pharmacie\" \/>\n<meta property=\"og:description\" content=\"Perfetta per visualizzare promozioni multiple.\" \/>\n<meta property=\"og:url\" content=\"https:\/\/asca-pharma.com\/it\/etichetta-75\/\" \/>\n<meta property=\"og:site_name\" content=\"ASCA Sp\u00e9cialiste des \u00e9tiquettes \u00e9lectroniques en Pharmacie\" \/>\n<meta property=\"article:publisher\" content=\"https:\/\/www.facebook.com\/Pharmagest\/\" \/>\n<meta property=\"article:modified_time\" content=\"2026-04-29T13:41:31+00:00\" \/>\n<meta property=\"og:image\" content=\"https:\/\/asca-pharma.com\/wp-content\/uploads\/Etiquette_7.5.png\" \/>\n\t<meta property=\"og:image:width\" content=\"500\" \/>\n\t<meta property=\"og:image:height\" content=\"500\" \/>\n\t<meta property=\"og:image:type\" content=\"image\/png\" \/>\n<meta name=\"twitter:card\" content=\"summary_large_image\" \/>\n<meta name=\"twitter:site\" content=\"@Pharmagest\" \/>\n<meta name=\"twitter:label1\" content=\"Tempo di lettura stimato\" \/>\n\t<meta name=\"twitter:data1\" content=\"1 minuto\" \/>\n<script type=\"application\/ld+json\" class=\"yoast-schema-graph\">{\"@context\":\"https:\\\/\\\/schema.org\",\"@graph\":[{\"@type\":\"WebPage\",\"@id\":\"https:\\\/\\\/asca-pharma.com\\\/it\\\/etichetta-75\\\/\",\"url\":\"https:\\\/\\\/asca-pharma.com\\\/it\\\/etichetta-75\\\/\",\"name\":\"Etichetta 7,5&Prime; - ASCA Sp\u00e9cialiste des \u00e9tiquettes \u00e9lectroniques en Pharmacie\",\"isPartOf\":{\"@id\":\"https:\\\/\\\/asca-pharma.com\\\/it\\\/#website\"},\"primaryImageOfPage\":{\"@id\":\"https:\\\/\\\/asca-pharma.com\\\/it\\\/etichetta-75\\\/#primaryimage\"},\"image\":{\"@id\":\"https:\\\/\\\/asca-pharma.com\\\/it\\\/etichetta-75\\\/#primaryimage\"},\"thumbnailUrl\":\"https:\\\/\\\/asca-pharma.com\\\/wp-content\\\/uploads\\\/Etiquette_7.5.png\",\"datePublished\":\"2023-03-06T16:24:55+00:00\",\"dateModified\":\"2026-04-29T13:41:31+00:00\",\"breadcrumb\":{\"@id\":\"https:\\\/\\\/asca-pharma.com\\\/it\\\/etichetta-75\\\/#breadcrumb\"},\"inLanguage\":\"it-IT\",\"potentialAction\":[{\"@type\":\"ReadAction\",\"target\":[\"https:\\\/\\\/asca-pharma.com\\\/it\\\/etichetta-75\\\/\"]}]},{\"@type\":\"ImageObject\",\"inLanguage\":\"it-IT\",\"@id\":\"https:\\\/\\\/asca-pharma.com\\\/it\\\/etichetta-75\\\/#primaryimage\",\"url\":\"https:\\\/\\\/asca-pharma.com\\\/wp-content\\\/uploads\\\/Etiquette_7.5.png\",\"contentUrl\":\"https:\\\/\\\/asca-pharma.com\\\/wp-content\\\/uploads\\\/Etiquette_7.5.png\",\"width\":500,\"height\":500},{\"@type\":\"BreadcrumbList\",\"@id\":\"https:\\\/\\\/asca-pharma.com\\\/it\\\/etichetta-75\\\/#breadcrumb\",\"itemListElement\":[{\"@type\":\"ListItem\",\"position\":1,\"name\":\"Accueil\",\"item\":\"https:\\\/\\\/asca-pharma.com\\\/it\\\/\"},{\"@type\":\"ListItem\",\"position\":2,\"name\":\"Etichetta 7,5&Prime;\"}]},{\"@type\":\"WebSite\",\"@id\":\"https:\\\/\\\/asca-pharma.com\\\/it\\\/#website\",\"url\":\"https:\\\/\\\/asca-pharma.com\\\/it\\\/\",\"name\":\"ASCA Sp\u00e9cialiste des \u00e9tiquettes \u00e9lectroniques en Pharmacie\",\"description\":\"Au profit de vos performances\",\"publisher\":{\"@id\":\"https:\\\/\\\/asca-pharma.com\\\/it\\\/#organization\"},\"potentialAction\":[{\"@type\":\"SearchAction\",\"target\":{\"@type\":\"EntryPoint\",\"urlTemplate\":\"https:\\\/\\\/asca-pharma.com\\\/it\\\/?s={search_term_string}\"},\"query-input\":{\"@type\":\"PropertyValueSpecification\",\"valueRequired\":true,\"valueName\":\"search_term_string\"}}],\"inLanguage\":\"it-IT\"},{\"@type\":\"Organization\",\"@id\":\"https:\\\/\\\/asca-pharma.com\\\/it\\\/#organization\",\"name\":\"ASCA Sp\u00e9cialiste des \u00e9tiquettes \u00e9lectroniques en Pharmacie\",\"url\":\"https:\\\/\\\/asca-pharma.com\\\/it\\\/\",\"logo\":{\"@type\":\"ImageObject\",\"inLanguage\":\"it-IT\",\"@id\":\"https:\\\/\\\/asca-pharma.com\\\/it\\\/#\\\/schema\\\/logo\\\/image\\\/\",\"url\":\"https:\\\/\\\/asca-pharma.com\\\/wp-content\\\/uploads\\\/ASCA_logo-2.png\",\"contentUrl\":\"https:\\\/\\\/asca-pharma.com\\\/wp-content\\\/uploads\\\/ASCA_logo-2.png\",\"width\":272,\"height\":106,\"caption\":\"ASCA Sp\u00e9cialiste des \u00e9tiquettes \u00e9lectroniques en Pharmacie\"},\"image\":{\"@id\":\"https:\\\/\\\/asca-pharma.com\\\/it\\\/#\\\/schema\\\/logo\\\/image\\\/\"},\"sameAs\":[\"https:\\\/\\\/www.facebook.com\\\/Pharmagest\\\/\",\"https:\\\/\\\/x.com\\\/Pharmagest\",\"https:\\\/\\\/www.linkedin.com\\\/company\\\/741276\"]}]}<\/script>\n<!-- \/ Yoast SEO plugin. -->","yoast_head_json":{"title":"Etichetta 7,5&Prime; - ASCA Sp\u00e9cialiste des \u00e9tiquettes \u00e9lectroniques en Pharmacie","robots":{"index":"noindex","follow":"follow"},"og_locale":"it_IT","og_type":"article","og_title":"Etichetta 7,5&Prime; - ASCA Sp\u00e9cialiste des \u00e9tiquettes \u00e9lectroniques en Pharmacie","og_description":"Perfetta per visualizzare promozioni multiple.","og_url":"https:\/\/asca-pharma.com\/it\/etichetta-75\/","og_site_name":"ASCA Sp\u00e9cialiste des \u00e9tiquettes \u00e9lectroniques en Pharmacie","article_publisher":"https:\/\/www.facebook.com\/Pharmagest\/","article_modified_time":"2026-04-29T13:41:31+00:00","og_image":[{"width":500,"height":500,"url":"https:\/\/asca-pharma.com\/wp-content\/uploads\/Etiquette_7.5.png","type":"image\/png"}],"twitter_card":"summary_large_image","twitter_site":"@Pharmagest","twitter_misc":{"Tempo di lettura stimato":"1 minuto"},"schema":{"@context":"https:\/\/schema.org","@graph":[{"@type":"WebPage","@id":"https:\/\/asca-pharma.com\/it\/etichetta-75\/","url":"https:\/\/asca-pharma.com\/it\/etichetta-75\/","name":"Etichetta 7,5&Prime; - ASCA Sp\u00e9cialiste des \u00e9tiquettes \u00e9lectroniques en Pharmacie","isPartOf":{"@id":"https:\/\/asca-pharma.com\/it\/#website"},"primaryImageOfPage":{"@id":"https:\/\/asca-pharma.com\/it\/etichetta-75\/#primaryimage"},"image":{"@id":"https:\/\/asca-pharma.com\/it\/etichetta-75\/#primaryimage"},"thumbnailUrl":"https:\/\/asca-pharma.com\/wp-content\/uploads\/Etiquette_7.5.png","datePublished":"2023-03-06T16:24:55+00:00","dateModified":"2026-04-29T13:41:31+00:00","breadcrumb":{"@id":"https:\/\/asca-pharma.com\/it\/etichetta-75\/#breadcrumb"},"inLanguage":"it-IT","potentialAction":[{"@type":"ReadAction","target":["https:\/\/asca-pharma.com\/it\/etichetta-75\/"]}]},{"@type":"ImageObject","inLanguage":"it-IT","@id":"https:\/\/asca-pharma.com\/it\/etichetta-75\/#primaryimage","url":"https:\/\/asca-pharma.com\/wp-content\/uploads\/Etiquette_7.5.png","contentUrl":"https:\/\/asca-pharma.com\/wp-content\/uploads\/Etiquette_7.5.png","width":500,"height":500},{"@type":"BreadcrumbList","@id":"https:\/\/asca-pharma.com\/it\/etichetta-75\/#breadcrumb","itemListElement":[{"@type":"ListItem","position":1,"name":"Accueil","item":"https:\/\/asca-pharma.com\/it\/"},{"@type":"ListItem","position":2,"name":"Etichetta 7,5&Prime;"}]},{"@type":"WebSite","@id":"https:\/\/asca-pharma.com\/it\/#website","url":"https:\/\/asca-pharma.com\/it\/","name":"ASCA Sp\u00e9cialiste des \u00e9tiquettes \u00e9lectroniques en Pharmacie","description":"Au profit de vos performances","publisher":{"@id":"https:\/\/asca-pharma.com\/it\/#organization"},"potentialAction":[{"@type":"SearchAction","target":{"@type":"EntryPoint","urlTemplate":"https:\/\/asca-pharma.com\/it\/?s={search_term_string}"},"query-input":{"@type":"PropertyValueSpecification","valueRequired":true,"valueName":"search_term_string"}}],"inLanguage":"it-IT"},{"@type":"Organization","@id":"https:\/\/asca-pharma.com\/it\/#organization","name":"ASCA Sp\u00e9cialiste des \u00e9tiquettes \u00e9lectroniques en Pharmacie","url":"https:\/\/asca-pharma.com\/it\/","logo":{"@type":"ImageObject","inLanguage":"it-IT","@id":"https:\/\/asca-pharma.com\/it\/#\/schema\/logo\/image\/","url":"https:\/\/asca-pharma.com\/wp-content\/uploads\/ASCA_logo-2.png","contentUrl":"https:\/\/asca-pharma.com\/wp-content\/uploads\/ASCA_logo-2.png","width":272,"height":106,"caption":"ASCA Sp\u00e9cialiste des \u00e9tiquettes \u00e9lectroniques en Pharmacie"},"image":{"@id":"https:\/\/asca-pharma.com\/it\/#\/schema\/logo\/image\/"},"sameAs":["https:\/\/www.facebook.com\/Pharmagest\/","https:\/\/x.com\/Pharmagest","https:\/\/www.linkedin.com\/company\/741276"]}]}},"_links":{"self":[{"href":"https:\/\/asca-pharma.com\/it\/wp-json\/wp\/v2\/pages\/7761","targetHints":{"allow":["GET"]}}],"collection":[{"href":"https:\/\/asca-pharma.com\/it\/wp-json\/wp\/v2\/pages"}],"about":[{"href":"https:\/\/asca-pharma.com\/it\/wp-json\/wp\/v2\/types\/page"}],"author":[{"embeddable":true,"href":"https:\/\/asca-pharma.com\/it\/wp-json\/wp\/v2\/users\/7"}],"replies":[{"embeddable":true,"href":"https:\/\/asca-pharma.com\/it\/wp-json\/wp\/v2\/comments?post=7761"}],"version-history":[{"count":2,"href":"https:\/\/asca-pharma.com\/it\/wp-json\/wp\/v2\/pages\/7761\/revisions"}],"predecessor-version":[{"id":7963,"href":"https:\/\/asca-pharma.com\/it\/wp-json\/wp\/v2\/pages\/7761\/revisions\/7963"}],"wp:featuredmedia":[{"embeddable":true,"href":"https:\/\/asca-pharma.com\/it\/wp-json\/wp\/v2\/media\/7962"}],"wp:attachment":[{"href":"https:\/\/asca-pharma.com\/it\/wp-json\/wp\/v2\/media?parent=7761"}],"curies":[{"name":"wp","href":"https:\/\/api.w.org\/{rel}","templated":true}]}}