{"id":8057,"date":"2022-08-25T09:51:32","date_gmt":"2022-08-25T07:51:32","guid":{"rendered":"https:\/\/asca-pharma.com\/solutions-digitales-pharmacies-asca\/"},"modified":"2026-05-06T14:20:17","modified_gmt":"2026-05-06T12:20:17","slug":"solutions-digitales-pharmacies-asca","status":"publish","type":"page","link":"https:\/\/asca-pharma.com\/it\/solutions-digitales-pharmacies-asca\/","title":{"rendered":"Chi siamo?"},"content":{"rendered":"<div class=\"container\"><div class=\"row\"><div class=\"medium-large-full\">\n<h1 class=\"wp-block-heading has-text-align-center\">ASCA, lo specialista delle etichette elettroniche per farmacie<\/h1>\n<\/div><\/div><\/div>\n\n<div class=\"container\"><div class=\"row\"><div class=\"medium-large-full\">\n<div style=\"height:100px\" aria-hidden=\"true\" class=\"wp-block-spacer\"><\/div>\n<\/div><\/div><\/div>\n\n<div class=\"container\"><div class=\"row\"><div class=\"medium-large-full\">\n<h2 class=\"wp-block-heading\">Chi siamo?<\/h2>\n<\/div><\/div><\/div>\n\n<div class=\"container\"><div class=\"row\"><div class=\"medium-large-full\">\n<div class=\"wp-block-columns is-layout-flex wp-container-core-columns-is-layout-9d6595d7 wp-block-columns-is-layout-flex\">\n<div class=\"wp-block-column is-layout-flow wp-block-column-is-layout-flow\"><div class=\"container\"><div class=\"row\"><div class=\"medium-large-full\">\n<p>ASCA \u00e8 un&#8217;azienda francese esperta in <strong>soluzioni digitali per farmacie<\/strong>. Da oltre <strong>25 anni<\/strong>, affianchiamo le farmacie nella loro trasformazione digitale e nella messa in sicurezza del loro spazio di vendita.   <\/p>\n<\/div><\/div><\/div>\n\n<div class=\"container\"><div class=\"row\"><div class=\"medium-large-full\">\n<p>La nostra missione: fornire strumenti efficaci, facili da utilizzare e pensati per la quotidianit\u00e0 dei team delle farmacie, a vantaggio dell&#8217;esperienza del paziente.<\/p>\n<\/div><\/div><\/div>\n\n<div class=\"container\"><div class=\"row\"><div class=\"medium-large-full\">\n<div style=\"height:30px\" aria-hidden=\"true\" class=\"wp-block-spacer\"><\/div>\n<\/div><\/div><\/div>\n\n<div class=\"container\"><div class=\"row\"><div class=\"medium-large-full\">\n<p>ASCA fa parte del <strong><a href=\"https:\/\/equasens.com\/\">Gruppo Equasens<\/a><\/strong>, leader nelle soluzioni digitali per la salute in Europa. Questa integrazione ci permette di beneficiare di un ecosistema ricco di innovazione e competenza, pur mantenendo la nostra vocazione primaria: proporre soluzioni universali, interoperabili e adatte a tutti i farmacisti.<\/p>\n<\/div><\/div><\/div>\n\n<div class=\"container\"><div class=\"row\"><div class=\"medium-large-full\">\n<div style=\"height:29px\" aria-hidden=\"true\" class=\"wp-block-spacer\"><\/div>\n<\/div><\/div><\/div><\/div>\n\n\n\n<div class=\"wp-block-column is-layout-flow wp-block-column-is-layout-flow\"><div class=\"wp-block-image is-style-rounded\"><div class=\"container\"><div class=\"row\"><div class=\"medium-large-full\">\n<figure class=\"aligncenter size-medium is-resized\"><img loading=\"lazy\" decoding=\"async\" width=\"399\" height=\"600\" src=\"https:\/\/asca-pharma.com\/wp-content\/uploads\/equipe-asca-399x600.png\" alt=\"\" class=\"wp-image-6355\" style=\"aspect-ratio:0.75;object-fit:cover;width:350px\" srcset=\"https:\/\/asca-pharma.com\/wp-content\/uploads\/equipe-asca-399x600.png 399w, https:\/\/asca-pharma.com\/wp-content\/uploads\/equipe-asca.png 649w\" sizes=\"auto, (max-width: 399px) 100vw, 399px\" \/><\/figure>\n<\/div><\/div><\/div><\/div><\/div>\n<\/div>\n<\/div><\/div><\/div>\n\n<section id=\"fullwidth-block_e10133f1854df65e8e7465103196c60c\" class=\"fullwidth block-fullwidth is-style-background-dark-blue\" data-aos=\"fade-down\">\n            \n<div class=\"container\"><div class=\"row\"><div class=\"medium-large-full\">\n<div style=\"height:72px\" aria-hidden=\"true\" class=\"wp-block-spacer\"><\/div>\n<\/div><\/div><\/div>\n\n<div class=\"container\"><div class=\"row\"><div class=\"medium-large-full\">\n<h2 class=\"wp-block-heading has-text-align-center\">Un attore consolidato sul mercato farmacia<\/h2>\n<\/div><\/div><\/div>\n\n<div class=\"container\"><div class=\"row\"><div class=\"medium-large-full\">\n<p class=\"has-text-align-center has-medium-font-size\">La forza di ASCA si basa su una combinazione semplice: <strong>esperienza<\/strong>, <strong>specializzazione<\/strong>, <strong>capacit\u00e0 di accompagnamento<\/strong> e <strong>presenza consolidata presso migliaia di farmacie<\/strong>.<\/p>\n<\/div><\/div><\/div>\n\n<div class=\"container\"><div class=\"row\"><div class=\"medium-large-full\">\n<div style=\"height:37px\" aria-hidden=\"true\" class=\"wp-block-spacer\"><\/div>\n<\/div><\/div><\/div>\n\n<div class=\"container\"><div class=\"row\"><div class=\"medium-large-full\">\n<div class=\"wp-block-columns is-layout-flex wp-container-core-columns-is-layout-9d6595d7 wp-block-columns-is-layout-flex\">\n<div class=\"wp-block-column is-layout-flow wp-block-column-is-layout-flow\"><div class=\"container\"><div class=\"row\"><div class=\"medium-large-full\">\n<p class=\"has-text-align-center has-medium-font-size\"><strong>25 anni<\/strong><\/p>\n<\/div><\/div><\/div>\n\n<div class=\"container\"><div class=\"row\"><div class=\"medium-large-full\">\n<p class=\"has-text-align-center\">di esperienza nel settore farmacia<\/p>\n<\/div><\/div><\/div><\/div>\n\n\n\n<div class=\"wp-block-column is-layout-flow wp-block-column-is-layout-flow\"><div class=\"container\"><div class=\"row\"><div class=\"medium-large-full\">\n<p class=\"has-text-align-center has-medium-font-size\"><strong>+4.000<\/strong><\/p>\n<\/div><\/div><\/div>\n\n<div class=\"container\"><div class=\"row\"><div class=\"medium-large-full\">\n<p class=\"has-text-align-center\">farmacie equipaggiate con soluzioni ASCA<\/p>\n<\/div><\/div><\/div><\/div>\n\n\n\n<div class=\"wp-block-column is-layout-flow wp-block-column-is-layout-flow\"><div class=\"container\"><div class=\"row\"><div class=\"medium-large-full\">\n<p class=\"has-text-align-center has-medium-font-size\"><strong>1\u00aa soluzione<\/strong><\/p>\n<\/div><\/div><\/div>\n\n<div class=\"container\"><div class=\"row\"><div class=\"medium-large-full\">\n<p class=\"has-text-align-center\">di etichette elettroniche per farmacie in Francia<\/p>\n<\/div><\/div><\/div><\/div>\n\n\n\n<div class=\"wp-block-column is-layout-flow wp-block-column-is-layout-flow\"><div class=\"container\"><div class=\"row\"><div class=\"medium-large-full\">\n<p class=\"has-text-align-center has-medium-font-size\"><strong>100% farmacia<\/strong><\/p>\n<\/div><\/div><\/div>\n\n<div class=\"container\"><div class=\"row\"><div class=\"medium-large-full\">\n<p class=\"has-text-align-center\">una competenza dedicata al mondo officinale<\/p>\n<\/div><\/div><\/div><\/div>\n<\/div>\n<\/div><\/div><\/div>\n\n<div class=\"container\"><div class=\"row\"><div class=\"medium-large-full\">\n<div style=\"height:70px\" aria-hidden=\"true\" class=\"wp-block-spacer\"><\/div>\n<\/div><\/div><\/div>\n\n<\/section>\n\n\n<section id=\"fullwidth-block_81e87d42c84eafd0e1126b0d0e7f8706\" class=\"fullwidth block-fullwidth is-style-default\" data-aos=\"fade-down\">\n            \n<div class=\"container\"><div class=\"row\"><div class=\"medium-large-full\">\n<div style=\"height:67px\" aria-hidden=\"true\" class=\"wp-block-spacer\"><\/div>\n<\/div><\/div><\/div>\n\n<div class=\"container\"><div class=\"row\"><div class=\"medium-large-full\">\n<h2 class=\"wp-block-heading has-text-align-center has-dark-blue-color has-text-color\"><strong>Una tecnologia utile solo se semplifica davvero il lavoro in farmacia<\/strong><\/h2>\n<\/div><\/div><\/div>\n\n<div class=\"container\"><div class=\"row\"><div class=\"medium-large-full\">\n<p class=\"has-text-align-center\">La visione di ASCA \u00e8 pragmatica: le etichette elettroniche devono ridurre le attivit\u00e0 manuali, rendere pi\u00f9 affidabile l\u2019affissione dei prezzi e liberare tempo per ci\u00f2 che conta davvero in farmacia: il consiglio, l\u2019accompagnamento del paziente e la qualit\u00e0 del servizio<\/p>\n<\/div><\/div><\/div>\n\n<div class=\"container\"><div class=\"row\"><div class=\"medium-large-full\">\n<div style=\"height:105px\" aria-hidden=\"true\" class=\"wp-block-spacer\"><\/div>\n<\/div><\/div><\/div>\n\n<\/section>\n\n\n<section id=\"fullwidth-block_66fecd0abc089c784d4123a88cb1f46a\" class=\"fullwidth block-fullwidth is-style-background-lightgreen\" data-aos=\"fade-down\">\n            \n<div class=\"container\"><div class=\"row\"><div class=\"medium-large-full\">\n<div style=\"height:79px\" aria-hidden=\"true\" class=\"wp-block-spacer\"><\/div>\n<\/div><\/div><\/div>\n\n<div class=\"container\"><div class=\"row\"><div class=\"medium-large-full\">\n<div class=\"wp-block-columns is-layout-flex wp-container-core-columns-is-layout-9d6595d7 wp-block-columns-is-layout-flex\">\n<div class=\"wp-block-column is-vertically-aligned-center is-layout-flow wp-block-column-is-layout-flow\"><div class=\"container\"><div class=\"row\"><div class=\"medium-large-full\">\n<h2 class=\"wp-block-heading\"><strong>Far evolvere l\u2019etichetta elettronica con le esigenze della farmacia<\/strong><\/h2>\n<\/div><\/div><\/div><\/div>\n\n\n\n<div class=\"wp-block-column is-layout-flow wp-block-column-is-layout-flow\"><div class=\"container\"><div class=\"row\"><div class=\"medium-large-full\">\n<p>ASCA investe nello sviluppo di nuovi utilizzi delle etichette elettroniche: dalla gestione delle promozioni alla comunicazione direttamente sullo scaffale, fino a funzionalit\u00e0 pensate per facilitare il lavoro quotidiano del team.<\/p>\n<\/div><\/div><\/div>\n\n<div class=\"container\"><div class=\"row\"><div class=\"medium-large-full\">\n<p>La nostra ambizione \u00e8 aiutare le farmacie a sfruttare il potenziale della digitalizzazione del punto vendita senza perdere ci\u00f2 che fa la forza dell\u2019officina: prossimit\u00e0, consiglio e relazione con il paziente.<\/p>\n<\/div><\/div><\/div>\n\n<div class=\"container\"><div class=\"row\"><div class=\"medium-large-full\">\n<div style=\"height:79px\" aria-hidden=\"true\" class=\"wp-block-spacer\"><\/div>\n<\/div><\/div><\/div><\/div>\n<\/div>\n<\/div><\/div><\/div>\n\n<\/section>\n\n\n<div class=\"container\"><div class=\"row\"><div class=\"medium-large-full\">\n<div style=\"height:87px\" aria-hidden=\"true\" class=\"wp-block-spacer\"><\/div>\n<\/div><\/div><\/div>\n\n<div class=\"container\"><div class=\"row\"><div class=\"medium-large-full\">\n<h2 class=\"wp-block-heading\">Partnership con attori tecnologici di primo piano<\/h2>\n<\/div><\/div><\/div>\n\n<div class=\"container\"><div class=\"row\"><div class=\"medium-large-full\">\n<p>Collaboriamo con i marchi pi\u00f9 <strong>innovativi e sostenibili<\/strong> del mercato. <\/p>\n<\/div><\/div><\/div>\n\n<div class=\"container\"><div class=\"row\"><div class=\"medium-large-full\">\n<p>Tra queste, <strong>Hanshow<\/strong>, fornitore globale di soluzioni digitali (etichette elettroniche, AI, IoT, Big Data), che supporta i rivenditori di tutto il mondo nella loro trasformazione digitale.<\/p>\n<\/div><\/div><\/div>\n\n<div class=\"container\"><div class=\"row\"><div class=\"medium-large-full\">\n<div class=\"wp-block-columns is-layout-flex wp-container-core-columns-is-layout-9d6595d7 wp-block-columns-is-layout-flex\">\n<div class=\"wp-block-column is-vertically-aligned-center is-layout-flow wp-block-column-is-layout-flow\" style=\"flex-basis:60%\"><div class=\"wp-block-image\"><div class=\"container\"><div class=\"row\"><div class=\"medium-large-full\">\n<figure class=\"aligncenter size-full is-resized\"><img loading=\"lazy\" decoding=\"async\" width=\"1024\" height=\"400\" src=\"https:\/\/asca-pharma.com\/wp-content\/uploads\/Hanshow-logotype.png\" alt=\"\" class=\"wp-image-4359\" style=\"width:512px;height:200px\" srcset=\"https:\/\/asca-pharma.com\/wp-content\/uploads\/Hanshow-logotype.png 1024w, https:\/\/asca-pharma.com\/wp-content\/uploads\/Hanshow-logotype-600x234.png 600w, https:\/\/asca-pharma.com\/wp-content\/uploads\/Hanshow-logotype-450x176.png 450w, https:\/\/asca-pharma.com\/wp-content\/uploads\/Hanshow-logotype-768x300.png 768w\" sizes=\"auto, (max-width: 1024px) 100vw, 1024px\" \/><\/figure>\n<\/div><\/div><\/div><\/div><\/div>\n<\/div>\n<\/div><\/div><\/div>\n\n<section id=\"fullwidth-block_e10133f1854df65e8e7465103196c60c\" class=\"fullwidth block-fullwidth is-style-background-dark-blue\" data-aos=\"fade-down\">\n            \n<div class=\"container\"><div class=\"row\"><div class=\"medium-large-full\">\n<div style=\"height:70px\" aria-hidden=\"true\" class=\"wp-block-spacer\"><\/div>\n<\/div><\/div><\/div>\n\n<div class=\"container\"><div class=\"row\"><div class=\"medium-large-full\">\n<h2 class=\"wp-block-heading has-text-align-center\">Vuoi conoscere meglio ASCA?<\/h2>\n<\/div><\/div><\/div>\n\n<div class=\"container\"><div class=\"row\"><div class=\"medium-large-full\">\n<p class=\"has-text-align-center has-medium-font-size\">Scopri come ASCA accompagna le farmacie nella modernizzazione della gestione dei prezzi, della comunicazione a scaffale e dell\u2019organizzazione del punto vendita.<\/p>\n<\/div><\/div><\/div>\n\n<div class=\"container\"><div class=\"row\"><div class=\"medium-large-full\">\n<div style=\"height:19px\" aria-hidden=\"true\" class=\"wp-block-spacer\"><\/div>\n<\/div><\/div><\/div>\n\n<div class=\"container\"><div class=\"row\"><div class=\"medium-large-full\">\n<div class=\"wp-block-buttons is-content-justification-center is-layout-flex wp-container-core-buttons-is-layout-16018d1d wp-block-buttons-is-layout-flex\">\n<div class=\"wp-block-button\"><a class=\"wp-block-button__link has-background wp-element-button\" href=\"https:\/\/asca-pharma.com\/it\/contattateci\/\" style=\"background-color:#00a099\"><strong>Contattaci<\/strong><\/a><\/div>\n<\/div>\n<\/div><\/div><\/div>\n\n<div class=\"container\"><div class=\"row\"><div class=\"medium-large-full\">\n<div style=\"height:70px\" aria-hidden=\"true\" class=\"wp-block-spacer\"><\/div>\n<\/div><\/div><\/div>\n\n<\/section>\n","protected":false},"excerpt":{"rendered":"<p>ASCA, lo specialista delle etichette elettroniche per farmacie Chi siamo? ASCA \u00e8 un&#8217;azienda francese esperta in soluzioni digitali per farmacie. Da oltre 25 anni, affianchiamo le farmacie nella loro trasformazione digitale e nella messa in sicurezza del loro spazio di vendita. La nostra missione: fornire strumenti efficaci, facili da utilizzare e pensati per la quotidianit\u00e0 [&hellip;]<\/p>\n","protected":false},"author":7,"featured_media":6486,"parent":0,"menu_order":12,"comment_status":"closed","ping_status":"closed","template":"","meta":{"footnotes":""},"class_list":["post-8057","page","type-page","status-publish","has-post-thumbnail","hentry"],"acf":[],"yoast_head":"<!-- This site is optimized with the Yoast SEO plugin v27.3 - https:\/\/yoast.com\/product\/yoast-seo-wordpress\/ -->\n<title>Chi siamo? - ASCA Sp\u00e9cialiste des \u00e9tiquettes \u00e9lectroniques en Pharmacie<\/title>\n<meta name=\"description\" content=\"Scoprite ASCA, specialista in soluzioni digitali per farmacie da oltre 25 anni: etichette elettroniche, barriere antitaccheggio, videosorveglianza, croci da farmacia. Competenza, innovazione, vicinanza e supporto.\" \/>\n<meta name=\"robots\" content=\"index, follow, max-snippet:-1, max-image-preview:large, max-video-preview:-1\" \/>\n<link rel=\"canonical\" href=\"https:\/\/asca-pharma.com\/it\/solutions-digitales-pharmacies-asca\/\" \/>\n<meta property=\"og:locale\" content=\"it_IT\" \/>\n<meta property=\"og:type\" content=\"article\" \/>\n<meta property=\"og:title\" content=\"Chi siamo? - ASCA Sp\u00e9cialiste des \u00e9tiquettes \u00e9lectroniques en Pharmacie\" \/>\n<meta property=\"og:description\" content=\"Scoprite ASCA, specialista in soluzioni digitali per farmacie da oltre 25 anni: etichette elettroniche, barriere antitaccheggio, videosorveglianza, croci da farmacia. Competenza, innovazione, vicinanza e supporto.\" \/>\n<meta property=\"og:url\" content=\"https:\/\/asca-pharma.com\/it\/solutions-digitales-pharmacies-asca\/\" \/>\n<meta property=\"og:site_name\" content=\"ASCA Sp\u00e9cialiste des \u00e9tiquettes \u00e9lectroniques en Pharmacie\" \/>\n<meta property=\"article:publisher\" content=\"https:\/\/www.facebook.com\/Pharmagest\/\" \/>\n<meta property=\"article:modified_time\" content=\"2026-05-06T12:20:17+00:00\" \/>\n<meta property=\"og:image\" content=\"https:\/\/asca-pharma.com\/wp-content\/uploads\/asca-informatique-chessy.jpg\" \/>\n\t<meta property=\"og:image:width\" content=\"958\" \/>\n\t<meta property=\"og:image:height\" content=\"268\" \/>\n\t<meta property=\"og:image:type\" content=\"image\/jpeg\" \/>\n<meta name=\"twitter:card\" content=\"summary_large_image\" \/>\n<meta name=\"twitter:site\" content=\"@Pharmagest\" \/>\n<meta name=\"twitter:label1\" content=\"Tempo di lettura stimato\" \/>\n\t<meta name=\"twitter:data1\" content=\"4 minuti\" \/>\n<script type=\"application\/ld+json\" class=\"yoast-schema-graph\">{\"@context\":\"https:\\\/\\\/schema.org\",\"@graph\":[{\"@type\":\"WebPage\",\"@id\":\"https:\\\/\\\/asca-pharma.com\\\/it\\\/solutions-digitales-pharmacies-asca\\\/\",\"url\":\"https:\\\/\\\/asca-pharma.com\\\/it\\\/solutions-digitales-pharmacies-asca\\\/\",\"name\":\"Chi siamo? - ASCA Sp\u00e9cialiste des \u00e9tiquettes \u00e9lectroniques en Pharmacie\",\"isPartOf\":{\"@id\":\"https:\\\/\\\/asca-pharma.com\\\/it\\\/#website\"},\"primaryImageOfPage\":{\"@id\":\"https:\\\/\\\/asca-pharma.com\\\/it\\\/solutions-digitales-pharmacies-asca\\\/#primaryimage\"},\"image\":{\"@id\":\"https:\\\/\\\/asca-pharma.com\\\/it\\\/solutions-digitales-pharmacies-asca\\\/#primaryimage\"},\"thumbnailUrl\":\"https:\\\/\\\/asca-pharma.com\\\/wp-content\\\/uploads\\\/asca-informatique-chessy.jpg\",\"datePublished\":\"2022-08-25T07:51:32+00:00\",\"dateModified\":\"2026-05-06T12:20:17+00:00\",\"description\":\"Scoprite ASCA, specialista in soluzioni digitali per farmacie da oltre 25 anni: etichette elettroniche, barriere antitaccheggio, videosorveglianza, croci da farmacia. Competenza, innovazione, vicinanza e supporto.\",\"breadcrumb\":{\"@id\":\"https:\\\/\\\/asca-pharma.com\\\/it\\\/solutions-digitales-pharmacies-asca\\\/#breadcrumb\"},\"inLanguage\":\"it-IT\",\"potentialAction\":[{\"@type\":\"ReadAction\",\"target\":[\"https:\\\/\\\/asca-pharma.com\\\/it\\\/solutions-digitales-pharmacies-asca\\\/\"]}]},{\"@type\":\"ImageObject\",\"inLanguage\":\"it-IT\",\"@id\":\"https:\\\/\\\/asca-pharma.com\\\/it\\\/solutions-digitales-pharmacies-asca\\\/#primaryimage\",\"url\":\"https:\\\/\\\/asca-pharma.com\\\/wp-content\\\/uploads\\\/asca-informatique-chessy.jpg\",\"contentUrl\":\"https:\\\/\\\/asca-pharma.com\\\/wp-content\\\/uploads\\\/asca-informatique-chessy.jpg\",\"width\":958,\"height\":268},{\"@type\":\"BreadcrumbList\",\"@id\":\"https:\\\/\\\/asca-pharma.com\\\/it\\\/solutions-digitales-pharmacies-asca\\\/#breadcrumb\",\"itemListElement\":[{\"@type\":\"ListItem\",\"position\":1,\"name\":\"Accueil\",\"item\":\"https:\\\/\\\/asca-pharma.com\\\/it\\\/\"},{\"@type\":\"ListItem\",\"position\":2,\"name\":\"Chi siamo?\"}]},{\"@type\":\"WebSite\",\"@id\":\"https:\\\/\\\/asca-pharma.com\\\/it\\\/#website\",\"url\":\"https:\\\/\\\/asca-pharma.com\\\/it\\\/\",\"name\":\"ASCA Sp\u00e9cialiste des \u00e9tiquettes \u00e9lectroniques en Pharmacie\",\"description\":\"Au profit de vos performances\",\"publisher\":{\"@id\":\"https:\\\/\\\/asca-pharma.com\\\/it\\\/#organization\"},\"potentialAction\":[{\"@type\":\"SearchAction\",\"target\":{\"@type\":\"EntryPoint\",\"urlTemplate\":\"https:\\\/\\\/asca-pharma.com\\\/it\\\/?s={search_term_string}\"},\"query-input\":{\"@type\":\"PropertyValueSpecification\",\"valueRequired\":true,\"valueName\":\"search_term_string\"}}],\"inLanguage\":\"it-IT\"},{\"@type\":\"Organization\",\"@id\":\"https:\\\/\\\/asca-pharma.com\\\/it\\\/#organization\",\"name\":\"ASCA Sp\u00e9cialiste des \u00e9tiquettes \u00e9lectroniques en Pharmacie\",\"url\":\"https:\\\/\\\/asca-pharma.com\\\/it\\\/\",\"logo\":{\"@type\":\"ImageObject\",\"inLanguage\":\"it-IT\",\"@id\":\"https:\\\/\\\/asca-pharma.com\\\/it\\\/#\\\/schema\\\/logo\\\/image\\\/\",\"url\":\"https:\\\/\\\/asca-pharma.com\\\/wp-content\\\/uploads\\\/ASCA_logo-2.png\",\"contentUrl\":\"https:\\\/\\\/asca-pharma.com\\\/wp-content\\\/uploads\\\/ASCA_logo-2.png\",\"width\":272,\"height\":106,\"caption\":\"ASCA Sp\u00e9cialiste des \u00e9tiquettes \u00e9lectroniques en Pharmacie\"},\"image\":{\"@id\":\"https:\\\/\\\/asca-pharma.com\\\/it\\\/#\\\/schema\\\/logo\\\/image\\\/\"},\"sameAs\":[\"https:\\\/\\\/www.facebook.com\\\/Pharmagest\\\/\",\"https:\\\/\\\/x.com\\\/Pharmagest\",\"https:\\\/\\\/www.linkedin.com\\\/company\\\/741276\"]}]}<\/script>\n<!-- \/ Yoast SEO plugin. -->","yoast_head_json":{"title":"Chi siamo? - ASCA Sp\u00e9cialiste des \u00e9tiquettes \u00e9lectroniques en Pharmacie","description":"Scoprite ASCA, specialista in soluzioni digitali per farmacie da oltre 25 anni: etichette elettroniche, barriere antitaccheggio, videosorveglianza, croci da farmacia. Competenza, innovazione, vicinanza e supporto.","robots":{"index":"index","follow":"follow","max-snippet":"max-snippet:-1","max-image-preview":"max-image-preview:large","max-video-preview":"max-video-preview:-1"},"canonical":"https:\/\/asca-pharma.com\/it\/solutions-digitales-pharmacies-asca\/","og_locale":"it_IT","og_type":"article","og_title":"Chi siamo? - ASCA Sp\u00e9cialiste des \u00e9tiquettes \u00e9lectroniques en Pharmacie","og_description":"Scoprite ASCA, specialista in soluzioni digitali per farmacie da oltre 25 anni: etichette elettroniche, barriere antitaccheggio, videosorveglianza, croci da farmacia. Competenza, innovazione, vicinanza e supporto.","og_url":"https:\/\/asca-pharma.com\/it\/solutions-digitales-pharmacies-asca\/","og_site_name":"ASCA Sp\u00e9cialiste des \u00e9tiquettes \u00e9lectroniques en Pharmacie","article_publisher":"https:\/\/www.facebook.com\/Pharmagest\/","article_modified_time":"2026-05-06T12:20:17+00:00","og_image":[{"width":958,"height":268,"url":"https:\/\/asca-pharma.com\/wp-content\/uploads\/asca-informatique-chessy.jpg","type":"image\/jpeg"}],"twitter_card":"summary_large_image","twitter_site":"@Pharmagest","twitter_misc":{"Tempo di lettura stimato":"4 minuti"},"schema":{"@context":"https:\/\/schema.org","@graph":[{"@type":"WebPage","@id":"https:\/\/asca-pharma.com\/it\/solutions-digitales-pharmacies-asca\/","url":"https:\/\/asca-pharma.com\/it\/solutions-digitales-pharmacies-asca\/","name":"Chi siamo? - ASCA Sp\u00e9cialiste des \u00e9tiquettes \u00e9lectroniques en Pharmacie","isPartOf":{"@id":"https:\/\/asca-pharma.com\/it\/#website"},"primaryImageOfPage":{"@id":"https:\/\/asca-pharma.com\/it\/solutions-digitales-pharmacies-asca\/#primaryimage"},"image":{"@id":"https:\/\/asca-pharma.com\/it\/solutions-digitales-pharmacies-asca\/#primaryimage"},"thumbnailUrl":"https:\/\/asca-pharma.com\/wp-content\/uploads\/asca-informatique-chessy.jpg","datePublished":"2022-08-25T07:51:32+00:00","dateModified":"2026-05-06T12:20:17+00:00","description":"Scoprite ASCA, specialista in soluzioni digitali per farmacie da oltre 25 anni: etichette elettroniche, barriere antitaccheggio, videosorveglianza, croci da farmacia. Competenza, innovazione, vicinanza e supporto.","breadcrumb":{"@id":"https:\/\/asca-pharma.com\/it\/solutions-digitales-pharmacies-asca\/#breadcrumb"},"inLanguage":"it-IT","potentialAction":[{"@type":"ReadAction","target":["https:\/\/asca-pharma.com\/it\/solutions-digitales-pharmacies-asca\/"]}]},{"@type":"ImageObject","inLanguage":"it-IT","@id":"https:\/\/asca-pharma.com\/it\/solutions-digitales-pharmacies-asca\/#primaryimage","url":"https:\/\/asca-pharma.com\/wp-content\/uploads\/asca-informatique-chessy.jpg","contentUrl":"https:\/\/asca-pharma.com\/wp-content\/uploads\/asca-informatique-chessy.jpg","width":958,"height":268},{"@type":"BreadcrumbList","@id":"https:\/\/asca-pharma.com\/it\/solutions-digitales-pharmacies-asca\/#breadcrumb","itemListElement":[{"@type":"ListItem","position":1,"name":"Accueil","item":"https:\/\/asca-pharma.com\/it\/"},{"@type":"ListItem","position":2,"name":"Chi siamo?"}]},{"@type":"WebSite","@id":"https:\/\/asca-pharma.com\/it\/#website","url":"https:\/\/asca-pharma.com\/it\/","name":"ASCA Sp\u00e9cialiste des \u00e9tiquettes \u00e9lectroniques en Pharmacie","description":"Au profit de vos performances","publisher":{"@id":"https:\/\/asca-pharma.com\/it\/#organization"},"potentialAction":[{"@type":"SearchAction","target":{"@type":"EntryPoint","urlTemplate":"https:\/\/asca-pharma.com\/it\/?s={search_term_string}"},"query-input":{"@type":"PropertyValueSpecification","valueRequired":true,"valueName":"search_term_string"}}],"inLanguage":"it-IT"},{"@type":"Organization","@id":"https:\/\/asca-pharma.com\/it\/#organization","name":"ASCA Sp\u00e9cialiste des \u00e9tiquettes \u00e9lectroniques en Pharmacie","url":"https:\/\/asca-pharma.com\/it\/","logo":{"@type":"ImageObject","inLanguage":"it-IT","@id":"https:\/\/asca-pharma.com\/it\/#\/schema\/logo\/image\/","url":"https:\/\/asca-pharma.com\/wp-content\/uploads\/ASCA_logo-2.png","contentUrl":"https:\/\/asca-pharma.com\/wp-content\/uploads\/ASCA_logo-2.png","width":272,"height":106,"caption":"ASCA Sp\u00e9cialiste des \u00e9tiquettes \u00e9lectroniques en Pharmacie"},"image":{"@id":"https:\/\/asca-pharma.com\/it\/#\/schema\/logo\/image\/"},"sameAs":["https:\/\/www.facebook.com\/Pharmagest\/","https:\/\/x.com\/Pharmagest","https:\/\/www.linkedin.com\/company\/741276"]}]}},"_links":{"self":[{"href":"https:\/\/asca-pharma.com\/it\/wp-json\/wp\/v2\/pages\/8057","targetHints":{"allow":["GET"]}}],"collection":[{"href":"https:\/\/asca-pharma.com\/it\/wp-json\/wp\/v2\/pages"}],"about":[{"href":"https:\/\/asca-pharma.com\/it\/wp-json\/wp\/v2\/types\/page"}],"author":[{"embeddable":true,"href":"https:\/\/asca-pharma.com\/it\/wp-json\/wp\/v2\/users\/7"}],"replies":[{"embeddable":true,"href":"https:\/\/asca-pharma.com\/it\/wp-json\/wp\/v2\/comments?post=8057"}],"version-history":[{"count":5,"href":"https:\/\/asca-pharma.com\/it\/wp-json\/wp\/v2\/pages\/8057\/revisions"}],"predecessor-version":[{"id":8076,"href":"https:\/\/asca-pharma.com\/it\/wp-json\/wp\/v2\/pages\/8057\/revisions\/8076"}],"wp:featuredmedia":[{"embeddable":true,"href":"https:\/\/asca-pharma.com\/it\/wp-json\/wp\/v2\/media\/6486"}],"wp:attachment":[{"href":"https:\/\/asca-pharma.com\/it\/wp-json\/wp\/v2\/media?parent=8057"}],"curies":[{"name":"wp","href":"https:\/\/api.w.org\/{rel}","templated":true}]}}